{"id":4112,"date":"2022-07-05T15:10:43","date_gmt":"2022-07-05T12:10:43","guid":{"rendered":"https:\/\/pood.moe.ee\/?post_type=product&#038;p=4112"},"modified":"2023-09-11T07:58:07","modified_gmt":"2023-09-11T04:58:07","slug":"muddis-golden-ale-purk","status":"publish","type":"product","link":"https:\/\/pood-moe.dev.almic.ee\/en\/shop\/olu\/muddis-golden-ale-purk\/","title":{"rendered":"Muddis Golden Ale"},"content":{"rendered":"","protected":false},"excerpt":{"rendered":"<p>Kuldse v\u00e4rvivarjundiga kergelt humalane Blonde Ale t\u00fc\u00fcpi k\u00e4sit\u00f6\u00f6\u00f5lu. Kergelt joodav, inspireeritud linnase ja humala tasakaalustatud kasutamisest, selge maitsel\u00f5puga. K\u00e4sit\u00f6\u00f6\u00f5lu, mis sobib nii entusiastidele kui ka tavatarbijatele. Hea valik \u00f5htu alustuseks.<\/p>\n<p>\u2022 Serveerimisel j\u00e4rgida temperatuurivahemikku 4-7\u00b0 C,<br \/>\n\u2022 Pakkuda tumblerklaasist<\/p>\n<p>M\u00f5ni n\u00e4pun\u00e4ide sobitumisel toiduga:<br \/>\n\u2022 Kergemad pitsad ja -pastatoidud<br \/>\n\u2022 Kana- ja teised linnuliharoad<\/p>\n<p>P\u00e4ritolumaa: Eesti<\/p>\n<p>Tootja: Moe \u00d5llevabrik O\u00dc \u2013 Muddis Brewery<\/p>\n<p><img decoding=\"async\" loading=\"lazy\" class=\"alignnone wp-image-274\" src=\"http:\/\/pood.moe.ee\/wp-content\/uploads\/2018\/11\/craft-beer.png\" alt=\"\" width=\"100\" height=\"100\" srcset=\"https:\/\/pood-moe.dev.almic.ee\/wp-content\/uploads\/2018\/11\/craft-beer.png 300w, https:\/\/pood-moe.dev.almic.ee\/wp-content\/uploads\/2018\/11\/craft-beer-150x150.png 150w, https:\/\/pood-moe.dev.almic.ee\/wp-content\/uploads\/2018\/11\/craft-beer-100x100.png 100w\" sizes=\"(max-width: 100px) 100vw, 100px\" \/><\/p>\n<p>ABV 5.2%vol, IBU 18, SRM 6, OG 13, FG 3, purgi suurus 33cl<\/p>\n","protected":false},"featured_media":5067,"template":"","meta":[],"product_cat":[432,42],"product_tag":[],"acf":[],"_links":{"self":[{"href":"https:\/\/pood-moe.dev.almic.ee\/en\/wp-json\/wp\/v2\/product\/4112"}],"collection":[{"href":"https:\/\/pood-moe.dev.almic.ee\/en\/wp-json\/wp\/v2\/product"}],"about":[{"href":"https:\/\/pood-moe.dev.almic.ee\/en\/wp-json\/wp\/v2\/types\/product"}],"wp:featuredmedia":[{"embeddable":true,"href":"https:\/\/pood-moe.dev.almic.ee\/en\/wp-json\/wp\/v2\/media\/5067"}],"wp:attachment":[{"href":"https:\/\/pood-moe.dev.almic.ee\/en\/wp-json\/wp\/v2\/media?parent=4112"}],"wp:term":[{"taxonomy":"product_cat","embeddable":true,"href":"https:\/\/pood-moe.dev.almic.ee\/en\/wp-json\/wp\/v2\/product_cat?post=4112"},{"taxonomy":"product_tag","embeddable":true,"href":"https:\/\/pood-moe.dev.almic.ee\/en\/wp-json\/wp\/v2\/product_tag?post=4112"}],"curies":[{"name":"wp","href":"https:\/\/api.w.org\/{rel}","templated":true}]}}