{"id":4145,"date":"2022-07-11T17:06:22","date_gmt":"2022-07-11T14:06:22","guid":{"rendered":"https:\/\/pood.moe.ee\/?post_type=product&#038;p=4145"},"modified":"2023-09-11T07:58:06","modified_gmt":"2023-09-11T04:58:06","slug":"sui-nui-laprima-cuvee","status":"publish","type":"product","link":"https:\/\/pood-moe.dev.almic.ee\/en\/shop\/prosecco\/prosecco-2\/sui-nui-laprima-cuvee\/","title":{"rendered":"Sui Nui Laprima Cuve\u00e9"},"content":{"rendered":"","protected":false},"excerpt":{"rendered":"<p>Sui Nui Spumante Bianco Laprima Cuve\u00e9 Extra dry<\/p>\n<p>Alkoholisisaldus: 11,50%<br \/>\nPiirkond: Veneto \/ Itaalia<br \/>\nMillest tehtud: Vahuvein on erinevate valgete viinamarjade segu.<br \/>\nV\u00e4rvus: V\u00e4rvuselt helekollane vahuvein, millel on rohekas helk. Joogil on ilus ja p\u00fcsiv mullip\u00e4rl.<br \/>\nAroom: V\u00e4rske ja meeldivalt puuviljane aroom.<br \/>\nMaitse: V\u00e4rske, aromaatne ja lihtne vahuvein (spumante), mille maitses on tunda v\u00e4rskeid puuvilju ja tsitruseid koos kerge mineraalsusega.<br \/>\nToit: Sobib kerge aperatiivina ja iseseisvalt nautimiseks kaunil suvep\u00e4eval. Sobib ka erinevate kergemate suupistete ja salatite k\u00f5rvale.<br \/>\nServeerimine: Serveerida temperatuuril 6-7 kraadi<br \/>\nTootest: Toode on valmistatud kasutatud Charmat meetodit.<br \/>\nTootja: Sui Nui Societa Agricola<br \/>\nTore fakt: Charmat meetod on vahuveini valmistamise meetod, kus vahuveini mullid joogi sisse tekivad suures terastangis.<\/p>\n","protected":false},"featured_media":5231,"template":"","meta":[],"product_cat":[104],"product_tag":[],"acf":[],"_links":{"self":[{"href":"https:\/\/pood-moe.dev.almic.ee\/en\/wp-json\/wp\/v2\/product\/4145"}],"collection":[{"href":"https:\/\/pood-moe.dev.almic.ee\/en\/wp-json\/wp\/v2\/product"}],"about":[{"href":"https:\/\/pood-moe.dev.almic.ee\/en\/wp-json\/wp\/v2\/types\/product"}],"wp:featuredmedia":[{"embeddable":true,"href":"https:\/\/pood-moe.dev.almic.ee\/en\/wp-json\/wp\/v2\/media\/5231"}],"wp:attachment":[{"href":"https:\/\/pood-moe.dev.almic.ee\/en\/wp-json\/wp\/v2\/media?parent=4145"}],"wp:term":[{"taxonomy":"product_cat","embeddable":true,"href":"https:\/\/pood-moe.dev.almic.ee\/en\/wp-json\/wp\/v2\/product_cat?post=4145"},{"taxonomy":"product_tag","embeddable":true,"href":"https:\/\/pood-moe.dev.almic.ee\/en\/wp-json\/wp\/v2\/product_tag?post=4145"}],"curies":[{"name":"wp","href":"https:\/\/api.w.org\/{rel}","templated":true}]}}