{"id":4148,"date":"2022-07-11T17:09:41","date_gmt":"2022-07-11T14:09:41","guid":{"rendered":"https:\/\/pood.moe.ee\/?post_type=product&#038;p=4148"},"modified":"2023-09-11T07:58:05","modified_gmt":"2023-09-11T04:58:05","slug":"sui-nui-prosecco-brut","status":"publish","type":"product","link":"https:\/\/pood-moe.dev.almic.ee\/en\/shop\/prosecco\/prosecco-2\/sui-nui-prosecco-brut\/","title":{"rendered":"Sui Nui Prosecco Brut"},"content":{"rendered":"","protected":false},"excerpt":{"rendered":"<p>Spumante Prosecco Brut Treviso DOC<\/p>\n<p>Alkoholisisaldus: 11,00%<br \/>\nPiirkond: Treviso DOC \/ Itaalia<br \/>\nMillest tehtud: Glera viinamarjasort.<br \/>\nV\u00e4rvus: V\u00e4rvuselt \u00f5lgkollane, kerge rohelise varjundiga. Peene ja intensiivse mullirega.<br \/>\nAroom: Aroomilt aromaatne ja eksootiliste puuviljade aroomiga vahuvein. Tuntav v\u00e4rske lillelisus, kus segunevad roosid ja jasmiin.<br \/>\nMaitse: Maitselt kerge ja v\u00e4rske meeldiv vahuvein, kus maitses domineerimas v\u00e4rske \u00f5un ja eksootilised puuviljad kuhu segunemas ka mineraalsed n\u00fcansid.<br \/>\nToit: Sobiv tarbimiseks aperatiivina v\u00f5i ka iseseisva joogina suvisel aiapeol. Sobib ka erinevate kergemate mereandidega ja salatitega.<br \/>\nServeerimine: Serveerida temperatuuril 6-7 kraadi Bordeaux t\u00fc\u00fcpi valge veini pokaalist.<br \/>\nTootest: Vahuvein on valmistatud Charmat meetodil, kus mull joogi sisse tekkib suures terastangis.<br \/>\nTootja: Sui Nui Societa Agricola<br \/>\nM\u00f5ni tore fakt: Tunnustatud ja paljude rahvusvaheliste auhindadega auhinnatud prosecco tootja.<\/p>\n","protected":false},"featured_media":5235,"template":"","meta":[],"product_cat":[104],"product_tag":[],"acf":[],"_links":{"self":[{"href":"https:\/\/pood-moe.dev.almic.ee\/en\/wp-json\/wp\/v2\/product\/4148"}],"collection":[{"href":"https:\/\/pood-moe.dev.almic.ee\/en\/wp-json\/wp\/v2\/product"}],"about":[{"href":"https:\/\/pood-moe.dev.almic.ee\/en\/wp-json\/wp\/v2\/types\/product"}],"wp:featuredmedia":[{"embeddable":true,"href":"https:\/\/pood-moe.dev.almic.ee\/en\/wp-json\/wp\/v2\/media\/5235"}],"wp:attachment":[{"href":"https:\/\/pood-moe.dev.almic.ee\/en\/wp-json\/wp\/v2\/media?parent=4148"}],"wp:term":[{"taxonomy":"product_cat","embeddable":true,"href":"https:\/\/pood-moe.dev.almic.ee\/en\/wp-json\/wp\/v2\/product_cat?post=4148"},{"taxonomy":"product_tag","embeddable":true,"href":"https:\/\/pood-moe.dev.almic.ee\/en\/wp-json\/wp\/v2\/product_tag?post=4148"}],"curies":[{"name":"wp","href":"https:\/\/api.w.org\/{rel}","templated":true}]}}