{"id":4153,"date":"2022-07-11T17:12:38","date_gmt":"2022-07-11T14:12:38","guid":{"rendered":"https:\/\/pood.moe.ee\/?post_type=product&#038;p=4153"},"modified":"2023-09-11T07:58:05","modified_gmt":"2023-09-11T04:58:05","slug":"sui-nui-prosecco-millesimato-extra-dry","status":"publish","type":"product","link":"https:\/\/pood-moe.dev.almic.ee\/en\/shop\/prosecco\/prosecco-2\/sui-nui-prosecco-millesimato-extra-dry\/","title":{"rendered":"Sui Nui Prosecco Millesimato Extra Dry"},"content":{"rendered":"","protected":false},"excerpt":{"rendered":"<p>Prosecco Millesimato Spumante Extra Dry<\/p>\n<p><strong>Alkoholisisaldus<\/strong>: 11,00%<br \/>\n<strong>Piirkond<\/strong>: Treviso DOC \/Itaalia<br \/>\n<strong>Millest tehtud<\/strong>: Glera viinamarjasort<br \/>\n<strong>V\u00e4rvus<\/strong>: V\u00e4rvuselt \u00f5lgkollane, kerge rohelise varjundiga. Peene ja intensiivse mullirega.<br \/>\n<strong>Aroom<\/strong>: Meeldiva aroomiga v\u00e4rske vahuvein.<br \/>\n<strong>Maitse<\/strong>: Maitselt kerge ja v\u00e4rske meeldiv vahuvein. Heas tasakaalus, kus maitses domineerimas roheline \u00f5un ja troopika, millele annavad hea struktuuri meeldivad mineraalsed n\u00fcansid.<br \/>\n<strong>Toit<\/strong>: Sobiv tarbimiseks aperitiivina v\u00f5i ka iseseisva joogina suvisel aiapeol. Sobib ka erinevate kergemate mereandidega ja salatitega.<br \/>\n<strong>Serveerimine<\/strong>: Serveerida temperatuuril 6-7 kraadi Bordeaux t\u00fc\u00fcpi valge veini pokaalist.<br \/>\n<strong>Tootest<\/strong>: Tegu on v\u00e4rske vahuveiniga, mille nimetuses extra dry viitab veidi k\u00f5rgemale j\u00e4\u00e4ksuhkru tasemele, mis t\u00e4hendab et joogi magususaste balansseerib h\u00e4sti kuiva ja magusamapoolse vahel- off- dry. <strong>Valmistatud<\/strong> Charmat meetodil, kus mull joogi sisse tekkib suures terastangis.<br \/>\n<strong>Tootja<\/strong>: Sui Nui Societa Agricola<br \/>\n<strong>M\u00f5ni tore fakt<\/strong>: Antud Vein on tunnustatud erinevate rahvusvaheliste veiniajakirjade ja veinikonkursside poolt.<\/p>\n","protected":false},"featured_media":5239,"template":"","meta":[],"product_cat":[104],"product_tag":[],"acf":[],"_links":{"self":[{"href":"https:\/\/pood-moe.dev.almic.ee\/en\/wp-json\/wp\/v2\/product\/4153"}],"collection":[{"href":"https:\/\/pood-moe.dev.almic.ee\/en\/wp-json\/wp\/v2\/product"}],"about":[{"href":"https:\/\/pood-moe.dev.almic.ee\/en\/wp-json\/wp\/v2\/types\/product"}],"wp:featuredmedia":[{"embeddable":true,"href":"https:\/\/pood-moe.dev.almic.ee\/en\/wp-json\/wp\/v2\/media\/5239"}],"wp:attachment":[{"href":"https:\/\/pood-moe.dev.almic.ee\/en\/wp-json\/wp\/v2\/media?parent=4153"}],"wp:term":[{"taxonomy":"product_cat","embeddable":true,"href":"https:\/\/pood-moe.dev.almic.ee\/en\/wp-json\/wp\/v2\/product_cat?post=4153"},{"taxonomy":"product_tag","embeddable":true,"href":"https:\/\/pood-moe.dev.almic.ee\/en\/wp-json\/wp\/v2\/product_tag?post=4153"}],"curies":[{"name":"wp","href":"https:\/\/api.w.org\/{rel}","templated":true}]}}