{"id":4156,"date":"2022-07-11T17:14:47","date_gmt":"2022-07-11T14:14:47","guid":{"rendered":"https:\/\/pood.moe.ee\/?post_type=product&#038;p=4156"},"modified":"2023-09-11T07:58:05","modified_gmt":"2023-09-11T04:58:05","slug":"sui-nui-prosecco-rose-brut","status":"publish","type":"product","link":"https:\/\/pood-moe.dev.almic.ee\/en\/shop\/prosecco\/prosecco-2\/sui-nui-prosecco-rose-brut\/","title":{"rendered":"Sui Nui Prosecco Ros\u00e9 Brut"},"content":{"rendered":"","protected":false},"excerpt":{"rendered":"<p>Sui Nui Prosecco Ros\u00e9 Brut<\/p>\n<p>Alkoholisisaldus: alc vol 11,00%<br \/>\nPiirkond: Veneto \/ Itaalia<br \/>\nMillest tehtud: 87% Glera ja 13 % ulatuses lisatud Pinot Noir viinamarjasorti<br \/>\nV\u00e4rvus: Vahuvein on kahvaturoosa v\u00e4rvusega.<br \/>\nAroom: Aroomilt intensiivne ja floraalne. Lisandumas puuviljasus ja v\u00e4rsked punased marjad.<br \/>\nMaitse: V\u00e4rske ja kerge vahuvein, mille aroomi ja maitse n\u00fcansid on heas balansis. Tooni annavad punaste marjade n\u00fcansid. Hea ja tuntav mineraalsus.<br \/>\nToit: Sobiv kitsejuustu salati ja teiste kergemate toitude k\u00f5rvale. Sobib ka aperatiiviks v\u00f5i iseseisvaks tarbimiseks.<br \/>\nServeerimine: Serveerida temperatuuril 7-8 kraadi Bordeaux t\u00fc\u00fcpi valge veini pokaalist.<br \/>\nTootest: Vahuvein on valmistatud Charmat meetodil, kus mull joogi sisse tekkib suures terastangis.<br \/>\nTootja: Sui Nui Societa Agricola<br \/>\nM\u00f5ni tore fakt: Prosecco Rose peab sisaldama lisaks Glera viinamarja sordile 10-15% Pinot Noir viinamarja sorti. Kindlasti peab olema pudelile m\u00e4rgitud ka tootmisaasta.<\/p>\n","protected":false},"featured_media":5243,"template":"","meta":[],"product_cat":[104],"product_tag":[],"acf":[],"_links":{"self":[{"href":"https:\/\/pood-moe.dev.almic.ee\/en\/wp-json\/wp\/v2\/product\/4156"}],"collection":[{"href":"https:\/\/pood-moe.dev.almic.ee\/en\/wp-json\/wp\/v2\/product"}],"about":[{"href":"https:\/\/pood-moe.dev.almic.ee\/en\/wp-json\/wp\/v2\/types\/product"}],"wp:featuredmedia":[{"embeddable":true,"href":"https:\/\/pood-moe.dev.almic.ee\/en\/wp-json\/wp\/v2\/media\/5243"}],"wp:attachment":[{"href":"https:\/\/pood-moe.dev.almic.ee\/en\/wp-json\/wp\/v2\/media?parent=4156"}],"wp:term":[{"taxonomy":"product_cat","embeddable":true,"href":"https:\/\/pood-moe.dev.almic.ee\/en\/wp-json\/wp\/v2\/product_cat?post=4156"},{"taxonomy":"product_tag","embeddable":true,"href":"https:\/\/pood-moe.dev.almic.ee\/en\/wp-json\/wp\/v2\/product_tag?post=4156"}],"curies":[{"name":"wp","href":"https:\/\/api.w.org\/{rel}","templated":true}]}}