{"id":4163,"date":"2022-07-11T17:17:06","date_gmt":"2022-07-11T14:17:06","guid":{"rendered":"https:\/\/pood.moe.ee\/?post_type=product&#038;p=4163"},"modified":"2023-09-11T07:58:04","modified_gmt":"2023-09-11T04:58:04","slug":"sui-nui-valdobbiadene-prosecco-superiore-brut-millessimato","status":"publish","type":"product","link":"https:\/\/pood-moe.dev.almic.ee\/en\/shop\/prosecco\/prosecco-2\/sui-nui-valdobbiadene-prosecco-superiore-brut-millessimato\/","title":{"rendered":"Sui Nui Valdobbiadene Prosecco Superiore Brut Millessimato"},"content":{"rendered":"","protected":false},"excerpt":{"rendered":"<p>Sui Nui Valdobbiadene Prosecco Superiore Brut Millessimato<\/p>\n<p>Alkoholisisaldus: 11,50%<br \/>\nPiirkond: Valdobbiadene DOCG \/Itaalia<br \/>\nMillest tehtud: Glera viinamarjasort<br \/>\nV\u00e4rvus: V\u00e4rvuselt \u00f5lgkollane, kerge rohelise varjundiga. Peene ja intensiivse mullireaga.<br \/>\nAroom: Aroomilt meeldiv ja v\u00e4rske. Domineerimas v\u00e4rsked luuviljad ja tsitrused.<br \/>\nMaitse: Maitselt kerge ja v\u00e4rske vahuvein, mis on heas tasakaalus. Maitses domineerimas roheline \u00f5un ja troopika, millele annavad hea struktuuri meeldivad mineraalsed n\u00fcansid.<br \/>\nToit: Sobiv tarbimiseks aperatiivina v\u00f5i ka iseseisva joogina suvisel aiapeol. Sobib ka erinevate kergemate mereandidega ja salatitega.<br \/>\nServeerimine: Serveerida temperatuuril 6-7 kraadi Bordeaux t\u00fc\u00fcpi valge veini pokaalist.<br \/>\nTootest: Tegu on kuiva ja v\u00e4rske vahuveiniga, mis on valmistatud Charmat meetodil proseccode valmistamise tipp- piirkonnas Conegliano Valdobbiadene.<br \/>\nTootja: Sui Nui Societa Agricola<br \/>\nM\u00f5ni tore fakt: Tunnustatud ja paljude rahvusvaheliste auhindadega auhinnatud prosecco tootja<\/p>\n","protected":false},"featured_media":5247,"template":"","meta":[],"product_cat":[104],"product_tag":[],"acf":[],"_links":{"self":[{"href":"https:\/\/pood-moe.dev.almic.ee\/en\/wp-json\/wp\/v2\/product\/4163"}],"collection":[{"href":"https:\/\/pood-moe.dev.almic.ee\/en\/wp-json\/wp\/v2\/product"}],"about":[{"href":"https:\/\/pood-moe.dev.almic.ee\/en\/wp-json\/wp\/v2\/types\/product"}],"wp:featuredmedia":[{"embeddable":true,"href":"https:\/\/pood-moe.dev.almic.ee\/en\/wp-json\/wp\/v2\/media\/5247"}],"wp:attachment":[{"href":"https:\/\/pood-moe.dev.almic.ee\/en\/wp-json\/wp\/v2\/media?parent=4163"}],"wp:term":[{"taxonomy":"product_cat","embeddable":true,"href":"https:\/\/pood-moe.dev.almic.ee\/en\/wp-json\/wp\/v2\/product_cat?post=4163"},{"taxonomy":"product_tag","embeddable":true,"href":"https:\/\/pood-moe.dev.almic.ee\/en\/wp-json\/wp\/v2\/product_tag?post=4163"}],"curies":[{"name":"wp","href":"https:\/\/api.w.org\/{rel}","templated":true}]}}