{"id":4231,"date":"2022-08-10T15:57:58","date_gmt":"2022-08-10T12:57:58","guid":{"rendered":"https:\/\/pood.moe.ee\/?post_type=product&#038;p=4231"},"modified":"2023-09-11T07:58:04","modified_gmt":"2023-09-11T04:58:04","slug":"2021-campo-alle-comete-rosatella","status":"publish","type":"product","link":"https:\/\/pood-moe.dev.almic.ee\/en\/shop\/vein\/varvus\/roosa\/2021-campo-alle-comete-rosatella\/","title":{"rendered":"2021 Campo alle Comete Rosatella"},"content":{"rendered":"","protected":false},"excerpt":{"rendered":"<p>2021 Campo alle Comete Rosatella<\/p>\n<p><strong>Alkoholisisaldus<\/strong>: alc vol 13 %<br \/>\n<strong>Piirkond<\/strong>: Bolgheri\/ Toskaana\/ Itaalia<br \/>\n<strong>Millest tehtud<\/strong>: Syrah\/ Cabernet Sauvignon\/ Merlot<br \/>\n<strong>V\u00e4rvus<\/strong>: Kahvatu kirsiroosa v\u00e4rvusega vein.<br \/>\n<strong>Aroom<\/strong>: Aroom v\u00e4rske ja kirsine. V\u00e4ikeste punaste marjadega haakumas kerge balsamico n\u00fcanss.<br \/>\n<strong>Maitse<\/strong>: Kuiv v\u00e4rske rose vein, millel v\u00e4rskete punaste marjade kergus ja pikk j\u00e4relmaitse.<br \/>\n<strong>Toit<\/strong>: Sobiv erinevate mereandide, k\u00fclmade lihal\u00f5ikude ja juustudega. Pearoogadest risotto ja kalkunipraad ploomidega.<br \/>\n<strong>Serveerimine<\/strong>: Serveerida temperatuuril 7 kraadi juures Bordeaux t\u00fc\u00fcpi valge veini pokaalist.<br \/>\n<strong>Tootest<\/strong>: Tore ja suvine rose vein, millel on n\u00fcansirikkust ja s\u00e4rtsu.<br \/>\n<strong>Tootja<\/strong>: Kaubam\u00e4rk Feudi di San Gregorio ja nende Toscana veinimaja Campo Alle Comete.<br \/>\n<strong>M\u00f5ni tore fakt<\/strong>: Campo Alle Comete on veinivalmistus piirkonna iidne nimetus, millega on p\u00fc\u00fctud tuua kliendini veinimaja olemust \u2013 maagiline maailm, kuhu saab pageda igap\u00e4eva elust ja unistada. Seda on p\u00fc\u00fctud kujutada ka minimalistlikel pudeli siltidel.<\/p>\n","protected":false},"featured_media":5339,"template":"","meta":[],"product_cat":[148,120,55],"product_tag":[],"acf":[],"_links":{"self":[{"href":"https:\/\/pood-moe.dev.almic.ee\/en\/wp-json\/wp\/v2\/product\/4231"}],"collection":[{"href":"https:\/\/pood-moe.dev.almic.ee\/en\/wp-json\/wp\/v2\/product"}],"about":[{"href":"https:\/\/pood-moe.dev.almic.ee\/en\/wp-json\/wp\/v2\/types\/product"}],"wp:featuredmedia":[{"embeddable":true,"href":"https:\/\/pood-moe.dev.almic.ee\/en\/wp-json\/wp\/v2\/media\/5339"}],"wp:attachment":[{"href":"https:\/\/pood-moe.dev.almic.ee\/en\/wp-json\/wp\/v2\/media?parent=4231"}],"wp:term":[{"taxonomy":"product_cat","embeddable":true,"href":"https:\/\/pood-moe.dev.almic.ee\/en\/wp-json\/wp\/v2\/product_cat?post=4231"},{"taxonomy":"product_tag","embeddable":true,"href":"https:\/\/pood-moe.dev.almic.ee\/en\/wp-json\/wp\/v2\/product_tag?post=4231"}],"curies":[{"name":"wp","href":"https:\/\/api.w.org\/{rel}","templated":true}]}}