{"id":4234,"date":"2022-08-10T16:05:11","date_gmt":"2022-08-10T13:05:11","guid":{"rendered":"https:\/\/pood.moe.ee\/?post_type=product&#038;p=4234"},"modified":"2023-09-11T07:58:04","modified_gmt":"2023-09-11T04:58:04","slug":"2021-carl-loewen-maximin-herrenberg-1896-alte-reben-trocken","status":"publish","type":"product","link":"https:\/\/pood-moe.dev.almic.ee\/en\/shop\/vein\/varvus\/valge\/2021-carl-loewen-maximin-herrenberg-1896-alte-reben-trocken\/","title":{"rendered":"Carl Loewen Maximin Herrenberg 1896 Alte Reben Trocken"},"content":{"rendered":"","protected":false},"excerpt":{"rendered":"<p>Carl Loewen Maximin Herrenberg 1896 Alte Reben Trocken<\/p>\n<p><strong>Alkoholisisaldus<\/strong>: alc vol 12%<br \/>\n<strong>Piirkond<\/strong>: Mosel \/ Saksamaa<br \/>\n<strong>Millest tehtud<\/strong>: Valmistatud Rieslingu viinamarjasordist. Viinapuud kasvavad \u00fchest vanimas omajuurses Rieslingu aias maailmas, istutatud 1896.<br \/>\n<strong>V\u00e4rvus<\/strong>: Vein on kauni s\u00e4deleva helekollase v\u00e4rvusega.<br \/>\n<strong>Aroom<\/strong>: Esialgne aroom on h\u00e4belik ja tagasihoidlik. Pikkam\u00f6\u00f6da avanev aroom annab aimu rikkalikust elegantsest tippklassi Rieslingust, mille iseloom on meeldivalt puuviljane ja aromaatne.<br \/>\n<strong>Maitse<\/strong>: Keskmise kehandiga elegantne kuiv valge vein, mille maitse on rikkalik ja mineraalne. Veinis on meeldivat kergust ja harmooniat.<br \/>\n<strong>Toit<\/strong>: Linnulihad, valge liha, kalaroad n\u00fcansirikaste kastmetega.<br \/>\n<strong>Serveerimine<\/strong>: Serveerida 9-10 kraadi juures Bordeaux t\u00fc\u00fcpi valge veini pokaalist. Veini v\u00f5ib kindlasti aereerida.<br \/>\n<strong>Tootest<\/strong>: Tipp klassi vein Rieslingi viinamarjadest, millel on pikk arengu potensiaal. Ideaalne vein s\u00e4ilitamiseks veinikeldris.<br \/>\n<strong>Tootja<\/strong>: Weingut Carl Loewen<br \/>\n<strong>M\u00f5ni tore fakt:<\/strong>\u00a0Weingut Carl Loewenile kuulub Moseli piirkonna \u00fcks vanimaid aedu Maximin Herrenberg,kuhu esimesed viinapuud istutati 1896 aastal. Sealset pinnast iseloomustab unikaalne punane kiltkivi, mis annab veinidele ainulaadse aroomistruktuuri.<br \/>\nJames Suckling 97 punkti<\/p>\n","protected":false},"featured_media":5566,"template":"","meta":[],"product_cat":[150,118,55],"product_tag":[],"acf":[],"_links":{"self":[{"href":"https:\/\/pood-moe.dev.almic.ee\/en\/wp-json\/wp\/v2\/product\/4234"}],"collection":[{"href":"https:\/\/pood-moe.dev.almic.ee\/en\/wp-json\/wp\/v2\/product"}],"about":[{"href":"https:\/\/pood-moe.dev.almic.ee\/en\/wp-json\/wp\/v2\/types\/product"}],"wp:featuredmedia":[{"embeddable":true,"href":"https:\/\/pood-moe.dev.almic.ee\/en\/wp-json\/wp\/v2\/media\/5566"}],"wp:attachment":[{"href":"https:\/\/pood-moe.dev.almic.ee\/en\/wp-json\/wp\/v2\/media?parent=4234"}],"wp:term":[{"taxonomy":"product_cat","embeddable":true,"href":"https:\/\/pood-moe.dev.almic.ee\/en\/wp-json\/wp\/v2\/product_cat?post=4234"},{"taxonomy":"product_tag","embeddable":true,"href":"https:\/\/pood-moe.dev.almic.ee\/en\/wp-json\/wp\/v2\/product_tag?post=4234"}],"curies":[{"name":"wp","href":"https:\/\/api.w.org\/{rel}","templated":true}]}}