{"id":4239,"date":"2022-08-10T16:08:57","date_gmt":"2022-08-10T13:08:57","guid":{"rendered":"https:\/\/pood.moe.ee\/?post_type=product&#038;p=4239"},"modified":"2023-09-11T07:58:03","modified_gmt":"2023-09-11T04:58:03","slug":"2021-carl-loewen-maximin-klosterlay-erste-lage-riesling","status":"publish","type":"product","link":"https:\/\/pood-moe.dev.almic.ee\/en\/shop\/vein\/varvus\/valge\/2021-carl-loewen-maximin-klosterlay-erste-lage-riesling\/","title":{"rendered":"Carl Loewen Maximin Klosterlay Erste Lage Riesling"},"content":{"rendered":"","protected":false},"excerpt":{"rendered":"<p>Carl Loewen Maximin Klosterlay Erste Lage Riesling<\/p>\n<p><strong>Alkoholisisaldus<\/strong>: alc vol 12 %<br \/>\n<strong>Piirkond<\/strong>: Mosel \/ Saksamaa<br \/>\n<strong>Millest tehtud<\/strong>: Valmistatud Riesling viinamarjasordist.<br \/>\n<strong>V\u00e4rvus<\/strong>: Kahvatu kollase v\u00e4rvusega.<br \/>\n<strong>Aroom<\/strong>: Aromaatne valge vein , mille mitmek\u00fclgses aroomis segunevad parimatele Rieslingutele omased n\u00fcansid. Lilleline aromaatsus ja troopilised puuviljad k\u00e4sik\u00e4es tsitrustega moodustavad meeldiva aroomi buketi.<br \/>\n<strong>Maitse<\/strong>: Heas tasakaalus s\u00e4rtsakas kuiv valge vein, mille rikkalikus maitses domineerivad k\u00fcpsem puuviljasus ja tsitruste kaskaad. Ilus struktuurne mineraalsus annab veinile meeldiva struktuuri.<br \/>\n<strong>Toit<\/strong>: Sobiv kaaslane mitmesuguste kalatoitude, linnuliha ja aasia p\u00e4raste roogade juures.<br \/>\n<strong>Serveerimine<\/strong>: Serveerida temperatuuril 8 juures Bordeaux t\u00fc\u00fcpi valge veini pokaalist. V\u00f5ib eelnevalt aereerida.<br \/>\n<strong>Tootest<\/strong>: Rikkalik ja hea arengupotensiaaliga valge vein \u00fchest Moseli tipp aiast. Marjad on korjatud vanadelt viinapuudelt ja veini on arendatud umbes 5 kuud suures Fuder tammevaadis (umbes 1000l). Veinil on hea arengupotensiaal.<br \/>\n<strong>Tootja<\/strong>: Weingut Carl Loewen<br \/>\n<strong>M\u00f5ni tore fakt<\/strong>: Keskajal oli Benedictinide klooster Maximin juhtiv veinitootja Moseli piirkonnas. Nende parim aed kandis nimetust Maximin Klosterlay, mille kaldenurk ja avatus v\u00f5imaldab takitamatu p\u00e4ikesepaiste otse aeda. Sealsed veinid n\u00e4itavad head arengu potensiaali koos mineraalse struktuuri ja elegantsete aroomidega. Pinnases on domineerimas sinakas kiltkivi. Carl Loeweni veinikeldri \u00fcks alustalasid.<\/p>\n","protected":false},"featured_media":5570,"template":"","meta":[],"product_cat":[150,118,55],"product_tag":[],"acf":[],"_links":{"self":[{"href":"https:\/\/pood-moe.dev.almic.ee\/en\/wp-json\/wp\/v2\/product\/4239"}],"collection":[{"href":"https:\/\/pood-moe.dev.almic.ee\/en\/wp-json\/wp\/v2\/product"}],"about":[{"href":"https:\/\/pood-moe.dev.almic.ee\/en\/wp-json\/wp\/v2\/types\/product"}],"wp:featuredmedia":[{"embeddable":true,"href":"https:\/\/pood-moe.dev.almic.ee\/en\/wp-json\/wp\/v2\/media\/5570"}],"wp:attachment":[{"href":"https:\/\/pood-moe.dev.almic.ee\/en\/wp-json\/wp\/v2\/media?parent=4239"}],"wp:term":[{"taxonomy":"product_cat","embeddable":true,"href":"https:\/\/pood-moe.dev.almic.ee\/en\/wp-json\/wp\/v2\/product_cat?post=4239"},{"taxonomy":"product_tag","embeddable":true,"href":"https:\/\/pood-moe.dev.almic.ee\/en\/wp-json\/wp\/v2\/product_tag?post=4239"}],"curies":[{"name":"wp","href":"https:\/\/api.w.org\/{rel}","templated":true}]}}