{"id":4244,"date":"2022-08-10T16:14:21","date_gmt":"2022-08-10T13:14:21","guid":{"rendered":"https:\/\/pood.moe.ee\/?post_type=product&#038;p=4244"},"modified":"2023-09-11T07:58:03","modified_gmt":"2023-09-11T04:58:03","slug":"2021-carl-loewen-pinot-blanc-trocken","status":"publish","type":"product","link":"https:\/\/pood-moe.dev.almic.ee\/en\/shop\/vein\/varvus\/valge\/2021-carl-loewen-pinot-blanc-trocken\/","title":{"rendered":"Carl Loewen Pinot Blanc Trocken"},"content":{"rendered":"","protected":false},"excerpt":{"rendered":"<p>Carl Loewen Pinot Blanc Trocken<\/p>\n<p><strong>Alkoholisisaldus<\/strong>: alc vol 12,50 %<br \/>\n<strong>Piirkond<\/strong>: Mosel \/ Saksamaa<br \/>\n<strong>Millest tehtud<\/strong>: Valmistatud Pinot Blanc viinamarjasordist.<br \/>\n<strong>V\u00e4rvus<\/strong>: V\u00e4rvuselt helekollane roheka varjundiga vein.<br \/>\n<strong>Aroom<\/strong>: Aroom on mitmekesine ja puuviljane, kus tooni annavad meeldiv valgetele lilledele vihjav aromaatsus koosk\u00f5las mineraalsete n\u00fcanssidega. Esile torkavad ka mesi ja tsitruselised.<br \/>\n<strong>Maitse<\/strong>: Kuiv valge vein , millel on Moseli piirkonnale omane magusam varjund. Meeldivalt elegantne ja puuviljane. Keskmise kehandiga veini maitsen\u00fcanssides on \u00e4ra tuntavad kollane ploom, v\u00e4rsked luuviljad ja roheline \u00f5un. Struktuuri annab kiltkivisest pinnasest p\u00e4rit hea mineraalsus.<br \/>\n<strong>Toit<\/strong>: Suurep\u00e4rane kaaslane aasiap\u00e4raste toitudega. Sobiv ka spargli, suitsukala ja teiste valgest lihast ja kalast valmistatud roogade k\u00f5rvale.<br \/>\n<strong>Serveerimine<\/strong>: Serveerida temperatuuril 8-9 kraadi Bordeaux t\u00fc\u00fcpi valge veini pokaalist.<br \/>\n<strong>Tootest<\/strong>: Veini on arendatud m\u00f5nev\u00f5rra tammevadis. Carl Loewen Pinot Blanc Trocken n\u00e4itab Moseli veinidele omast elegantsi ja kergust.<br \/>\n<strong>Tootja<\/strong>: Weingut Carl Loewen<br \/>\n<strong>M\u00f5ni tore fak<\/strong>t: Weingut Carl Loeweni veiniaedade ainus maat\u00fckk , kus kasvatatkse Pinot Blanci asub endise Leiweni kloostri maadel. Oma edelasuunalise kaldenurga ja halli kiltkivise pinnase t\u00f5ttu v\u00e4ga sobilik, tagades hea niiskuse regulatsiooni ja sooja neeldumise.<\/p>\n","protected":false},"featured_media":5574,"template":"","meta":[],"product_cat":[150,118,55],"product_tag":[],"acf":[],"_links":{"self":[{"href":"https:\/\/pood-moe.dev.almic.ee\/en\/wp-json\/wp\/v2\/product\/4244"}],"collection":[{"href":"https:\/\/pood-moe.dev.almic.ee\/en\/wp-json\/wp\/v2\/product"}],"about":[{"href":"https:\/\/pood-moe.dev.almic.ee\/en\/wp-json\/wp\/v2\/types\/product"}],"wp:featuredmedia":[{"embeddable":true,"href":"https:\/\/pood-moe.dev.almic.ee\/en\/wp-json\/wp\/v2\/media\/5574"}],"wp:attachment":[{"href":"https:\/\/pood-moe.dev.almic.ee\/en\/wp-json\/wp\/v2\/media?parent=4244"}],"wp:term":[{"taxonomy":"product_cat","embeddable":true,"href":"https:\/\/pood-moe.dev.almic.ee\/en\/wp-json\/wp\/v2\/product_cat?post=4244"},{"taxonomy":"product_tag","embeddable":true,"href":"https:\/\/pood-moe.dev.almic.ee\/en\/wp-json\/wp\/v2\/product_tag?post=4244"}],"curies":[{"name":"wp","href":"https:\/\/api.w.org\/{rel}","templated":true}]}}