{"id":4247,"date":"2022-08-10T16:19:13","date_gmt":"2022-08-10T13:19:13","guid":{"rendered":"https:\/\/pood.moe.ee\/?post_type=product&#038;p=4247"},"modified":"2023-09-11T07:58:03","modified_gmt":"2023-09-11T04:58:03","slug":"2021-sirch-friulano","status":"publish","type":"product","link":"https:\/\/pood-moe.dev.almic.ee\/en\/shop\/vein\/varvus\/valge\/2021-sirch-friulano\/","title":{"rendered":"Sirch Friulano"},"content":{"rendered":"","protected":false},"excerpt":{"rendered":"<p>Sirch Friulano<\/p>\n<p><strong>Alkoholisisaldus<\/strong>: alc vol 13,5%<br \/>\n<strong>Piirkond<\/strong>: Collio \/ Itaalia<br \/>\n<strong>Millest tehtud<\/strong>: Viinamarjasordist Friulano.<br \/>\n<strong>V\u00e4rvus<\/strong>: Helekollase v\u00e4rvuse ja roheka varjundiga noor vein.<br \/>\n<strong>Aroom<\/strong>: V\u00e4rske ja puuviljane aroom, kus domineerivad v\u00e4rske \u00f5una, aprikoosi ja tsitruste n\u00fcansid.<br \/>\n<strong>Maitse<\/strong>: Maitses rikkalikult puuviljane ja pigem keskmise kehandiga valge vein. Domineerivad maitsen\u00fcansid on roheline \u00f5un ja pirn, millele sekundeerivad meeldivad v\u00e4rsked tsitrused ja luuviljad. Tasakaalus ja hea mineraalsusega, mis annab veinile kena struktuuri. Pikas j\u00e4relmaitses tuntavad vihjed \u00fcrtidele (meliss) ja mandlile.<br \/>\n<strong>Toit<\/strong>: Hea kaaslane seltskonnas, sobiv aperatiiviks. V\u00f5ib serveerida k\u00fclmade lihal\u00f5ikudega, k\u00fcpsetatud valge kala ja linnulihadega.<br \/>\n<strong>Serveerimine<\/strong>: Serveerida temperatuuril 7-8 kraadi Bordeaux t\u00fc\u00fcpi valge veini pokaalist.<br \/>\n<strong>Tootest<\/strong>: Kergesti joodav v\u00e4rske valge vein. Veini on arendatud paar kuud p\u00e4rmisettel, mis annab talle maitserikkust ja head struktuuri.<br \/>\n<strong>Tootja<\/strong>: Feudi di San Gregorio, Sirch<br \/>\n<strong>M\u00f5ni tore fakt<\/strong>: Friulano (s\u00fcnon\u00fc\u00fcmid Sauvignonasse v\u00f5i Sauvignon Vert) on viinamarjasort, mis m\u00e4ngib t\u00e4htsat rolli Friuli valgetes veinides. Tema marjakobar ja lehe kuju on v\u00e4ga sarnased Sauvignon Blancile, kuid siiski sugulus kuulsa viinamarjasordiga puudub.<br \/>\nFriulanost valmistatud sordi veinid on elava iseloomuga, tsitruselised ja kergete mandli n\u00fcanssidega, seda k\u00f5ike toetamas tore mineraalsus.<\/p>\n<p>Hinnangud aastak\u00e4ikudele :<\/p>\n<p>Wine Enthusiast 2021 91\/ 100<br \/>\nLuca Maroni 2021 91\/ 100<br \/>\nLuca Maroni 2019 93 \/ 100<\/p>\n","protected":false},"featured_media":5582,"template":"","meta":[],"product_cat":[148,118,55],"product_tag":[],"acf":[],"_links":{"self":[{"href":"https:\/\/pood-moe.dev.almic.ee\/en\/wp-json\/wp\/v2\/product\/4247"}],"collection":[{"href":"https:\/\/pood-moe.dev.almic.ee\/en\/wp-json\/wp\/v2\/product"}],"about":[{"href":"https:\/\/pood-moe.dev.almic.ee\/en\/wp-json\/wp\/v2\/types\/product"}],"wp:featuredmedia":[{"embeddable":true,"href":"https:\/\/pood-moe.dev.almic.ee\/en\/wp-json\/wp\/v2\/media\/5582"}],"wp:attachment":[{"href":"https:\/\/pood-moe.dev.almic.ee\/en\/wp-json\/wp\/v2\/media?parent=4247"}],"wp:term":[{"taxonomy":"product_cat","embeddable":true,"href":"https:\/\/pood-moe.dev.almic.ee\/en\/wp-json\/wp\/v2\/product_cat?post=4247"},{"taxonomy":"product_tag","embeddable":true,"href":"https:\/\/pood-moe.dev.almic.ee\/en\/wp-json\/wp\/v2\/product_tag?post=4247"}],"curies":[{"name":"wp","href":"https:\/\/api.w.org\/{rel}","templated":true}]}}