{"id":4289,"date":"2022-08-29T14:03:46","date_gmt":"2022-08-29T11:03:46","guid":{"rendered":"https:\/\/pood.moe.ee\/?post_type=product&#038;p=4289"},"modified":"2023-09-11T07:58:02","modified_gmt":"2023-09-11T04:58:02","slug":"moe-signature-cocktail-gin-raspberry-mint","status":"publish","type":"product","link":"https:\/\/pood-moe.dev.almic.ee\/en\/shop\/joogid\/moe-signature-cocktail-gin-raspberry-mint\/","title":{"rendered":"Signature Cocktail Gin-Raspberry-Mint"},"content":{"rendered":"","protected":false},"excerpt":{"rendered":"<p>Moe Signature Cocktail Gin-Raspberry-Mint<\/p>\n<p>Uus toode Moe portfellis. M\u00f5nus suvine kokteil Mohn Poppy Ginist, v\u00e4rskest m\u00fcndist ja vaarikatest ning mulliveest. Ilma lisatud suhkruta ja valmis kohe nautimiseks.<\/p>\n<p>&nbsp;<\/p>\n<p>4,8%vol, 33cl<\/p>\n","protected":false},"featured_media":5063,"template":"","meta":[],"product_cat":[432,634],"product_tag":[],"acf":[],"_links":{"self":[{"href":"https:\/\/pood-moe.dev.almic.ee\/en\/wp-json\/wp\/v2\/product\/4289"}],"collection":[{"href":"https:\/\/pood-moe.dev.almic.ee\/en\/wp-json\/wp\/v2\/product"}],"about":[{"href":"https:\/\/pood-moe.dev.almic.ee\/en\/wp-json\/wp\/v2\/types\/product"}],"wp:featuredmedia":[{"embeddable":true,"href":"https:\/\/pood-moe.dev.almic.ee\/en\/wp-json\/wp\/v2\/media\/5063"}],"wp:attachment":[{"href":"https:\/\/pood-moe.dev.almic.ee\/en\/wp-json\/wp\/v2\/media?parent=4289"}],"wp:term":[{"taxonomy":"product_cat","embeddable":true,"href":"https:\/\/pood-moe.dev.almic.ee\/en\/wp-json\/wp\/v2\/product_cat?post=4289"},{"taxonomy":"product_tag","embeddable":true,"href":"https:\/\/pood-moe.dev.almic.ee\/en\/wp-json\/wp\/v2\/product_tag?post=4289"}],"curies":[{"name":"wp","href":"https:\/\/api.w.org\/{rel}","templated":true}]}}