{"id":4427,"date":"2022-10-18T14:40:51","date_gmt":"2022-10-18T11:40:51","guid":{"rendered":"https:\/\/pood.moe.ee\/?post_type=product&#038;p=4427"},"modified":"2023-09-11T07:58:02","modified_gmt":"2023-09-11T04:58:02","slug":"2020-portas-de-herdade-selecao-do-enologo-tinto","status":"publish","type":"product","link":"https:\/\/pood-moe.dev.almic.ee\/en\/shop\/vein\/varvus\/punane\/2020-portas-de-herdade-selecao-do-enologo-tinto\/","title":{"rendered":"Portas de Herdade Selecao do Enologo Tinto"},"content":{"rendered":"","protected":false},"excerpt":{"rendered":"<p>Portas Da Herdade Alentejano Selecao do Enologo Tinto<\/p>\n<p><strong>Alkoholisisaldus<\/strong>: alc vol 14,00 %<\/p>\n<p><strong>Piirkond<\/strong>: Alentejo \/ Portugal<\/p>\n<p><strong>Millest tehtud<\/strong>: Segu kolmest Portugali viinamarjasordist Aragonez , Trincadeira ja Syrah.<\/p>\n<p><strong>V\u00e4rvus<\/strong>: Vein on rubiinpunase v\u00e4rvusega, musta varjundiga ja violetsete \u00e4\u00e4rtega.<\/p>\n<p><strong>Aroom<\/strong>: J\u00f5ulisema aroomiga punavein, aroomis m\u00e4ngivad suurimat rolli k\u00fcpsemad mustad ploomid, mustad metsamarjad ja viigimarjad. Prantsuse tammevaat lisab aroomile k\u00fcpsetusv\u00fcrtside ja karamelliseid n\u00fcansse.<\/p>\n<p><strong>Maitse<\/strong>: T\u00e4idlasema kehandiga meeldivalt marjane ja lihtsalt joodav kuiv punane vein. Maitses domineerivad v\u00e4rskemad luuviljad\u00a0 ja mustad metsamarjad. J\u00e4relmaitses ka intensiivsemaid arooniale ja \u00a0k\u00fcpsetusv\u00fcrtsidele viitavaid n\u00fcansse, mis annavad veinile meeldiva tunnetuse.<\/p>\n<p><strong>Toit<\/strong>: T\u00e4idlasemad liha toidud \u2013 loomaliha antrekoot punase veini kastmes, k\u00fcpsem lambaliha, erinevad pajaroad.<\/p>\n<p><strong>Serveerimine<\/strong>: Serveerida temperatuuril 17 kraadi Bordeaux t\u00fc\u00fcpi punase veini pokaalist.<\/p>\n<p><strong>Tootest<\/strong>: Alentejo piirkonale on omased t\u00e4idlased ja mitmest viinamarja sordist valmistatud vein.<\/p>\n<p><strong>Tootja<\/strong>: Companhia das Quintas<\/p>\n<p><strong>Tore fakt<\/strong>: Alentejo veiniregioon toodab peaaegu kolmandiku kogu Portugalis toodetavatest punaveinidest. \u00a0Piirkonna staar viinamarjasort on Aragonez, millest toodetavad veinid on t\u00e4idlased ja \u00a0rahakoti s\u00f5bralikud.<\/p>\n","protected":false},"featured_media":5498,"template":"","meta":[],"product_cat":[404,116,55],"product_tag":[],"acf":[],"_links":{"self":[{"href":"https:\/\/pood-moe.dev.almic.ee\/en\/wp-json\/wp\/v2\/product\/4427"}],"collection":[{"href":"https:\/\/pood-moe.dev.almic.ee\/en\/wp-json\/wp\/v2\/product"}],"about":[{"href":"https:\/\/pood-moe.dev.almic.ee\/en\/wp-json\/wp\/v2\/types\/product"}],"wp:featuredmedia":[{"embeddable":true,"href":"https:\/\/pood-moe.dev.almic.ee\/en\/wp-json\/wp\/v2\/media\/5498"}],"wp:attachment":[{"href":"https:\/\/pood-moe.dev.almic.ee\/en\/wp-json\/wp\/v2\/media?parent=4427"}],"wp:term":[{"taxonomy":"product_cat","embeddable":true,"href":"https:\/\/pood-moe.dev.almic.ee\/en\/wp-json\/wp\/v2\/product_cat?post=4427"},{"taxonomy":"product_tag","embeddable":true,"href":"https:\/\/pood-moe.dev.almic.ee\/en\/wp-json\/wp\/v2\/product_tag?post=4427"}],"curies":[{"name":"wp","href":"https:\/\/api.w.org\/{rel}","templated":true}]}}