{"id":4437,"date":"2022-10-19T08:09:19","date_gmt":"2022-10-19T05:09:19","guid":{"rendered":"https:\/\/pood.moe.ee\/?post_type=product&#038;p=4437"},"modified":"2023-09-11T07:58:02","modified_gmt":"2023-09-11T04:58:02","slug":"2019-portas-da-herdade-reserva-tinto","status":"publish","type":"product","link":"https:\/\/pood-moe.dev.almic.ee\/en\/shop\/vein\/varvus\/punane\/2019-portas-da-herdade-reserva-tinto\/","title":{"rendered":"Portas da Herdade Reserva Tinto"},"content":{"rendered":"","protected":false},"excerpt":{"rendered":"<p>Portas da Herdade Reserva Tinto<\/p>\n<p><strong>Alkoholisisaldus<\/strong>: alc vol 14,50%<br \/>\n<strong>Piirkond<\/strong>: IG Alentejo\/ Portugal<br \/>\n<strong>Millest tehtud<\/strong>: Valmistatud viinamarja sortidest 40% Syrah, 30% Trincadeira, 30% Touriga Nacional<br \/>\n<strong>V\u00e4rvus<\/strong>: Intensiivse rubiinpunase v\u00e4rvusega punane vein.<br \/>\n<strong>Aroom<\/strong>: Aroomilt n\u00fcansirohke ja kompleksne. \u00c4ratuntavad n\u00fcansid tumedad mustad luuviljad ja marjad, k\u00fcpsetusv\u00fcrtsid ja kerge \u00fcrdine n\u00fcanss.<br \/>\n<strong>Maitse<\/strong>: Maitses meeldiv ja elegantne t\u00e4idlase kehandiga punane kuiv vein. \u00c4ra tuntav lopsakas marjasus, kus sekka torkavad j\u00e4relmaitses sokolaadi n\u00fcansid ja k\u00fcpsetusv\u00fcrtsid. Pikk ja hea struktuuriga j\u00e4relmaitse.<br \/>\n<strong>Toit<\/strong>: Ideaalne kaaslane lamba hautise k\u00f5rvale. Grillitud lammas ja loomaliha.<br \/>\n<strong>Serveerimine<\/strong>: Serveerida temperatuuril 16 kraadi Bordeaux t\u00fc\u00fcpi punase veini pokaalist.<br \/>\n<strong>Tootest<\/strong>: Toodet on arendatud 12 kuud Prantsuse tamme vaadis.<br \/>\n<strong>Tootja<\/strong>: Companhia das Quintas<br \/>\n<strong>M\u00f5ni tore fakt<\/strong>: Wine Enthusiasti veinikriitikud on hinnanud veini 92 punkti v\u00e4\u00e4riliseks.<\/p>\n","protected":false},"featured_media":5494,"template":"","meta":[],"product_cat":[404,116,55],"product_tag":[],"acf":[],"_links":{"self":[{"href":"https:\/\/pood-moe.dev.almic.ee\/en\/wp-json\/wp\/v2\/product\/4437"}],"collection":[{"href":"https:\/\/pood-moe.dev.almic.ee\/en\/wp-json\/wp\/v2\/product"}],"about":[{"href":"https:\/\/pood-moe.dev.almic.ee\/en\/wp-json\/wp\/v2\/types\/product"}],"wp:featuredmedia":[{"embeddable":true,"href":"https:\/\/pood-moe.dev.almic.ee\/en\/wp-json\/wp\/v2\/media\/5494"}],"wp:attachment":[{"href":"https:\/\/pood-moe.dev.almic.ee\/en\/wp-json\/wp\/v2\/media?parent=4437"}],"wp:term":[{"taxonomy":"product_cat","embeddable":true,"href":"https:\/\/pood-moe.dev.almic.ee\/en\/wp-json\/wp\/v2\/product_cat?post=4437"},{"taxonomy":"product_tag","embeddable":true,"href":"https:\/\/pood-moe.dev.almic.ee\/en\/wp-json\/wp\/v2\/product_tag?post=4437"}],"curies":[{"name":"wp","href":"https:\/\/api.w.org\/{rel}","templated":true}]}}