{"id":4443,"date":"2022-10-19T08:59:22","date_gmt":"2022-10-19T05:59:22","guid":{"rendered":"https:\/\/pood.moe.ee\/?post_type=product&#038;p=4443"},"modified":"2023-09-11T07:58:01","modified_gmt":"2023-09-11T04:58:01","slug":"portas-da-herdade-alentejano-rose","status":"publish","type":"product","link":"https:\/\/pood-moe.dev.almic.ee\/en\/shop\/vein\/varvus\/roosa\/portas-da-herdade-alentejano-rose\/","title":{"rendered":"Portas Da Herdade Alentejano Rose"},"content":{"rendered":"","protected":false},"excerpt":{"rendered":"<p>Portas Da Herdade Alentejano Rose<\/p>\n<p><strong>Alkoholisisaldus<\/strong>: alc vol 13,00%<br \/>\n<strong>Piirkond<\/strong>: Alentejo \/ Portugal<br \/>\n<strong>Millest tehtud<\/strong>: Valmistatud Touriga Nacional viinamarjasordist.<br \/>\n<strong>V\u00e4rvus<\/strong>: Roosa vein.<br \/>\n<strong>Aroom<\/strong>: Intensiivne kirsside ja punaste marjade aroom.<br \/>\n<strong>Maitse<\/strong>: Maitselt v\u00e4rske ja meeldiv, domineermas juba tuttavad kirsid ja punased marjad. J\u00e4relmaitse pikk ja s\u00e4rtsakas.<br \/>\n<strong>Toit<\/strong>: Sobiv aperatiiviks, salaltite ja mereandide k\u00f5rvale.<br \/>\n<strong>Serveerimine<\/strong>: Serveerida temperatuuril 8-9 kraadi .<br \/>\n<strong>Tootja<\/strong>: Companhia das Quintas<br \/>\n<strong>M\u00f5ni tore fakt<\/strong>: Touriga Nacional on Portugali p\u00f5line viinamarjasort, mis peaasjalikult kasvab Douro regioonis, olles \u00fcks peamiseid viinamarjasorte sealsetes portveinides. Oma t\u00e4idlase ja s\u00fcgava maitsega pakkub Touriga Nacional punaveini armastajatele s\u00fcgavaid maitseid ja aroome. Touriga Nacionalist valmistatud kuivadel punaveinidel on pikk s\u00e4ilitamispotensiaal.<\/p>\n","protected":false},"featured_media":5335,"template":"","meta":[],"product_cat":[404,120,55],"product_tag":[],"acf":[],"_links":{"self":[{"href":"https:\/\/pood-moe.dev.almic.ee\/en\/wp-json\/wp\/v2\/product\/4443"}],"collection":[{"href":"https:\/\/pood-moe.dev.almic.ee\/en\/wp-json\/wp\/v2\/product"}],"about":[{"href":"https:\/\/pood-moe.dev.almic.ee\/en\/wp-json\/wp\/v2\/types\/product"}],"wp:featuredmedia":[{"embeddable":true,"href":"https:\/\/pood-moe.dev.almic.ee\/en\/wp-json\/wp\/v2\/media\/5335"}],"wp:attachment":[{"href":"https:\/\/pood-moe.dev.almic.ee\/en\/wp-json\/wp\/v2\/media?parent=4443"}],"wp:term":[{"taxonomy":"product_cat","embeddable":true,"href":"https:\/\/pood-moe.dev.almic.ee\/en\/wp-json\/wp\/v2\/product_cat?post=4443"},{"taxonomy":"product_tag","embeddable":true,"href":"https:\/\/pood-moe.dev.almic.ee\/en\/wp-json\/wp\/v2\/product_tag?post=4443"}],"curies":[{"name":"wp","href":"https:\/\/api.w.org\/{rel}","templated":true}]}}