{"id":4448,"date":"2022-10-19T09:03:19","date_gmt":"2022-10-19T06:03:19","guid":{"rendered":"https:\/\/pood.moe.ee\/?post_type=product&#038;p=4448"},"modified":"2023-09-11T07:58:01","modified_gmt":"2023-09-11T04:58:01","slug":"2021-portas-da-herdade-selecao-do-enologo-branco","status":"publish","type":"product","link":"https:\/\/pood-moe.dev.almic.ee\/en\/shop\/vein\/varvus\/valge\/2021-portas-da-herdade-selecao-do-enologo-branco\/","title":{"rendered":"Portas da Herdade Selecao do Enologo Branco"},"content":{"rendered":"","protected":false},"excerpt":{"rendered":"<p>Portas da Herdade Selecao do Enologo Branco<\/p>\n<p><strong>Alkoholisisaldus<\/strong>: alc vol 13,50 %<br \/>\n<strong>Piirkond<\/strong>: Alentejo\/ Portugal<br \/>\n<strong>Millest tehtud<\/strong>: Seguvein viinamarja sortidest: Viognier, Alvarinho ja Arinto.<br \/>\n<strong>V\u00e4rvus<\/strong>: Helekollase v\u00e4rvusega kerge roheka varjundiga valge vein.<br \/>\n<strong>Aroom<\/strong>: Aroomis tuntavad tsitruste n\u00fcansid koos v\u00e4rskete luuviljade n\u00fcanssidega.<br \/>\n<strong>Maitse<\/strong>: Maitselt t\u00e4idlasem pehme struktuuriga valge kuiv vein, millel on meeldiv mineraalne alatoon ja puuviljane maitsekooslus. Kauakestev j\u00e4relmaitse.<br \/>\n<strong>Toit<\/strong>: Hea kaaslane tugevamate kalaroogade k\u00f5rval \u2013 grillitud kala, sushi ja kalast valmistatud hautised.<br \/>\n<strong>Serveerimine<\/strong>: Serveerida temperatuuril 8-9 kraadi Bordeaux t\u00fc\u00fcpi valge veini pokaalist.<br \/>\n<strong>Tootest<\/strong>: T\u00e4idlasem valge vein, mis kannab endas veinimeistri parimaid valikuid nii viinamarjade ja veinivalmistamise n\u00e4ol.<br \/>\n<strong>Tootja<\/strong>: Companhia das Quintas<br \/>\n<strong>M\u00f5ni tore fakt<\/strong>: Veinimeistrid Frederico Vilar Gomes ja Joaquim Mendes on andnud olulise panuse Portas da Herdade veinide kvaliteeti ja nende edusse maailmas.<\/p>\n","protected":false},"featured_media":5578,"template":"","meta":[],"product_cat":[404,118,55],"product_tag":[],"acf":[],"_links":{"self":[{"href":"https:\/\/pood-moe.dev.almic.ee\/en\/wp-json\/wp\/v2\/product\/4448"}],"collection":[{"href":"https:\/\/pood-moe.dev.almic.ee\/en\/wp-json\/wp\/v2\/product"}],"about":[{"href":"https:\/\/pood-moe.dev.almic.ee\/en\/wp-json\/wp\/v2\/types\/product"}],"wp:featuredmedia":[{"embeddable":true,"href":"https:\/\/pood-moe.dev.almic.ee\/en\/wp-json\/wp\/v2\/media\/5578"}],"wp:attachment":[{"href":"https:\/\/pood-moe.dev.almic.ee\/en\/wp-json\/wp\/v2\/media?parent=4448"}],"wp:term":[{"taxonomy":"product_cat","embeddable":true,"href":"https:\/\/pood-moe.dev.almic.ee\/en\/wp-json\/wp\/v2\/product_cat?post=4448"},{"taxonomy":"product_tag","embeddable":true,"href":"https:\/\/pood-moe.dev.almic.ee\/en\/wp-json\/wp\/v2\/product_tag?post=4448"}],"curies":[{"name":"wp","href":"https:\/\/api.w.org\/{rel}","templated":true}]}}