{"id":4451,"date":"2022-10-19T09:06:09","date_gmt":"2022-10-19T06:06:09","guid":{"rendered":"https:\/\/pood.moe.ee\/?post_type=product&#038;p=4451"},"modified":"2023-09-11T07:58:00","modified_gmt":"2023-09-11T04:58:00","slug":"tradicao-red","status":"publish","type":"product","link":"https:\/\/pood-moe.dev.almic.ee\/en\/shop\/vein\/varvus\/punane\/tradicao-red\/","title":{"rendered":"Tradi\u00e7\u00e3o Red"},"content":{"rendered":"","protected":false},"excerpt":{"rendered":"<p>Tradi\u00e7\u00e3o Red<\/p>\n<p><strong>Alkoholisisaldus<\/strong>: alc vol 13,50%<br \/>\n<strong>Piirkond<\/strong>: Lisboa \/ Portugal<br \/>\n<strong>Millest tehtud<\/strong>: 40% Syrah, 40% Aragonez, 20% Touriga Nacional<br \/>\n<strong>V\u00e4rvus<\/strong>: Intensiivse rubiinpunase v\u00e4rvusega punane vein.<br \/>\n<strong>Aroom<\/strong>: Aromaatne ja intensiivne- kergete balsamico n\u00fcanssidega aroom. Domineerimas v\u00e4rsked mustad luuviljad.<br \/>\n<strong>Maitse<\/strong>: Noor ja v\u00e4rske keskmise kehandiga punane vein. Maitses on vein harmooniline ja meeldiva l\u00f5ppviimistlusega.<br \/>\n<strong>Toit<\/strong>: Harmoneerub kenasti liha- ja pasta roogadega, keskmises arenguastmes juustud.<br \/>\n<strong>Serveerimine<\/strong>: Serveerida temperatuuril 16-17 kraadi Bordeaux t\u00fc\u00fcpi punase veini pokaalist.<br \/>\n<strong>Tootest<\/strong>: Veini on osaliselt laagerdatud tammevaatides.<br \/>\n<strong>Tootja<\/strong>: Companhia das Quintas<br \/>\n<strong>M\u00f5ni tore fakt<\/strong>: Veini viinamarjad p\u00e4rinevad viinamarja istandustest, mis v\u00e4ljendavad h\u00e4sti Lissaboni \u201eterroiri\u201c. Atlandi ookean ja Montejunto m\u00e4eahelik avaldavad Lisboa viinamarja istandustele suurt m\u00f5ju.<\/p>\n","protected":false},"featured_media":5510,"template":"","meta":[],"product_cat":[404,116,55],"product_tag":[],"acf":[],"_links":{"self":[{"href":"https:\/\/pood-moe.dev.almic.ee\/en\/wp-json\/wp\/v2\/product\/4451"}],"collection":[{"href":"https:\/\/pood-moe.dev.almic.ee\/en\/wp-json\/wp\/v2\/product"}],"about":[{"href":"https:\/\/pood-moe.dev.almic.ee\/en\/wp-json\/wp\/v2\/types\/product"}],"wp:featuredmedia":[{"embeddable":true,"href":"https:\/\/pood-moe.dev.almic.ee\/en\/wp-json\/wp\/v2\/media\/5510"}],"wp:attachment":[{"href":"https:\/\/pood-moe.dev.almic.ee\/en\/wp-json\/wp\/v2\/media?parent=4451"}],"wp:term":[{"taxonomy":"product_cat","embeddable":true,"href":"https:\/\/pood-moe.dev.almic.ee\/en\/wp-json\/wp\/v2\/product_cat?post=4451"},{"taxonomy":"product_tag","embeddable":true,"href":"https:\/\/pood-moe.dev.almic.ee\/en\/wp-json\/wp\/v2\/product_tag?post=4451"}],"curies":[{"name":"wp","href":"https:\/\/api.w.org\/{rel}","templated":true}]}}