{"id":4454,"date":"2022-10-19T09:13:29","date_gmt":"2022-10-19T06:13:29","guid":{"rendered":"https:\/\/pood.moe.ee\/?post_type=product&#038;p=4454"},"modified":"2023-09-11T07:58:00","modified_gmt":"2023-09-11T04:58:00","slug":"tradicao-reserva-torre-de-belem-red","status":"publish","type":"product","link":"https:\/\/pood-moe.dev.almic.ee\/en\/shop\/vein\/varvus\/punane\/tradicao-reserva-torre-de-belem-red\/","title":{"rendered":"Tradi\u00e7\u00e3o Reserva &#8220;Torre de Belem&#8221;"},"content":{"rendered":"","protected":false},"excerpt":{"rendered":"<p>Tradi\u00e7\u00e3o Reserva Torre de Belem Red<\/p>\n<p><strong>Alkoholisisaldus<\/strong>: alc vol 14,50%<br \/>\n<strong>Piirkond<\/strong>: Lisboa \/ Portugal<br \/>\n<strong>Millest tehtud<\/strong>: 40% Touriga Nacional, 30% Syrah, 30% Aragonez<br \/>\n<strong>V\u00e4rvus<\/strong>: Intensiivse rubiinpunase v\u00e4rvusega punane vein.<br \/>\n<strong>Aroom<\/strong>: Lopsakalt marjane aroom, milles on tunda k\u00fcpseid musti luuvilju, marju, valget pipart ja vanilli. Prantsuse tammevaatides laagerdumisest tingitud v\u00fcrtsised n\u00fcansid.<br \/>\n<strong>Maitse<\/strong>: Punane kuiv vein , millel on t\u00e4idlane kehand. Suus elegantne, n\u00fcansirikas ja hea struktuuriga, meeldiv pehme tanniinsus ja v\u00e4rske l\u00f5ppviimistlus.<br \/>\n<strong>Toit<\/strong>: Sobiv kaaslane grillitud punase lihaga , erinevad pastad ja juustud.<br \/>\n<strong>Serveerimine<\/strong>: Serveerida temperatuuril 17-18 kraadi Bordeaux t\u00fc\u00fcpi punase veini pokaalist.<br \/>\n<strong>Tootest<\/strong>: Veini on arendatud 12 kuud 225 liitristes tammevaatides. Touriga Nacionali kestakontakt on pikem kui Syrah ja Aragonezi oma.<br \/>\n<strong>Tootja<\/strong>: Companhia das Quintas<br \/>\n<strong>M\u00f5ni tore fakt<\/strong>: Veiniga avaldatakse austust Torre de Belemile, mis on Lissaboni linna \u00fcks ikoonilisemaid monumente , ehitatud 16. saj ja kuulub ka UNESCO maailma p\u00e4randi nimistusse. Belemi torn on linnus, mille rajamisele pani aluse Portugali kuningas Jo\u00e3o II et kindlustada Tejo j\u00f5e suuet.<br \/>\nAastak\u00e4ik 2018 Mundus Vini Kuldmedal<\/p>\n","protected":false},"featured_media":5514,"template":"","meta":[],"product_cat":[404,116,55],"product_tag":[],"acf":[],"_links":{"self":[{"href":"https:\/\/pood-moe.dev.almic.ee\/en\/wp-json\/wp\/v2\/product\/4454"}],"collection":[{"href":"https:\/\/pood-moe.dev.almic.ee\/en\/wp-json\/wp\/v2\/product"}],"about":[{"href":"https:\/\/pood-moe.dev.almic.ee\/en\/wp-json\/wp\/v2\/types\/product"}],"wp:featuredmedia":[{"embeddable":true,"href":"https:\/\/pood-moe.dev.almic.ee\/en\/wp-json\/wp\/v2\/media\/5514"}],"wp:attachment":[{"href":"https:\/\/pood-moe.dev.almic.ee\/en\/wp-json\/wp\/v2\/media?parent=4454"}],"wp:term":[{"taxonomy":"product_cat","embeddable":true,"href":"https:\/\/pood-moe.dev.almic.ee\/en\/wp-json\/wp\/v2\/product_cat?post=4454"},{"taxonomy":"product_tag","embeddable":true,"href":"https:\/\/pood-moe.dev.almic.ee\/en\/wp-json\/wp\/v2\/product_tag?post=4454"}],"curies":[{"name":"wp","href":"https:\/\/api.w.org\/{rel}","templated":true}]}}