{"id":4482,"date":"2022-10-19T10:26:01","date_gmt":"2022-10-19T07:26:01","guid":{"rendered":"https:\/\/pood.moe.ee\/shop\/uncategorized\/portal-da-vinha-vinho-verde\/"},"modified":"2023-09-11T07:57:59","modified_gmt":"2023-09-11T04:57:59","slug":"portal-da-vinha-vinho-verde","status":"publish","type":"product","link":"https:\/\/pood-moe.dev.almic.ee\/en\/shop\/wine\/color\/white-en\/portal-da-vinha-vinho-verde\/","title":{"rendered":"Portal Da Vinha Vinho Verde"},"content":{"rendered":"","protected":false},"excerpt":{"rendered":"<p>Portal Da Vinha Vinho Verde<\/p>\n<p><strong>Alkoholisisaldus<\/strong>: alc vol 10,50%<br \/>\n<strong>Piirkond<\/strong>: Vinho Verde DOC \/ Portugal<br \/>\n<strong>Millest tehtud<\/strong>: Loureiro, Arinto and Trajadura<br \/>\n<strong>V\u00e4rvus<\/strong>: Vein on kirgas ja helekollase v\u00e4rvusega.<br \/>\n<strong>Aroom<\/strong>: Vein on aroomilt v\u00e4rske ja tsitruseline, millele annavad tooni rohelise \u00f5una ja eksootiliste puuviljade aroomid.<br \/>\n<strong>Maitse<\/strong>: Kerge kehandiga veini maitse karakterit kujundavad aroomist tuttavad h\u00e4sti tasakaalustatud tsitruste s\u00e4rtsakus ja troopiliste puuviljade v\u00e4rskus. Meeldivalt pikk ja mineraalne j\u00e4relmaitse. Veini v\u00f5iks liigitada poolkuivade(off dry) t\u00fc\u00fcpi veinide klassi.<br \/>\n<strong>Toit<\/strong>: Kerge ja aperatiivne vein, mille k\u00f5rvale sobivad erinevad kerged suupistevaagnad, taimsed toidud ja kerged mereannid.<br \/>\n<strong>Serveerimine<\/strong>: Serveerida Bordeaux t\u00fc\u00fcpi valge veini pokaalist temperatuuril 6-7 kraadi.<br \/>\n<strong>Tootest<\/strong>: Veini meeldiv ja v\u00e4rske iseloom on kantud Minho piirkonna pehmest kliimast, mida m\u00f5jutab suuresti Atlandi ookean ja regiooni enda reljeefsus (m\u00e4ed ja orud). Kohe tarbimiseks \u2013 vein on v\u00e4rske ja noor.<br \/>\n<strong>Tootja<\/strong>: Companhia das Quintas<br \/>\n<strong>M\u00f5ni tore fakt<\/strong>: 2021 Decanter World Wine Awards Bronze (allpool pilt)<\/p>\n","protected":false},"featured_media":5587,"template":"","meta":[],"product_cat":[405,138,77],"product_tag":[],"acf":[],"_links":{"self":[{"href":"https:\/\/pood-moe.dev.almic.ee\/en\/wp-json\/wp\/v2\/product\/4482"}],"collection":[{"href":"https:\/\/pood-moe.dev.almic.ee\/en\/wp-json\/wp\/v2\/product"}],"about":[{"href":"https:\/\/pood-moe.dev.almic.ee\/en\/wp-json\/wp\/v2\/types\/product"}],"wp:featuredmedia":[{"embeddable":true,"href":"https:\/\/pood-moe.dev.almic.ee\/en\/wp-json\/wp\/v2\/media\/5587"}],"wp:attachment":[{"href":"https:\/\/pood-moe.dev.almic.ee\/en\/wp-json\/wp\/v2\/media?parent=4482"}],"wp:term":[{"taxonomy":"product_cat","embeddable":true,"href":"https:\/\/pood-moe.dev.almic.ee\/en\/wp-json\/wp\/v2\/product_cat?post=4482"},{"taxonomy":"product_tag","embeddable":true,"href":"https:\/\/pood-moe.dev.almic.ee\/en\/wp-json\/wp\/v2\/product_tag?post=4482"}],"curies":[{"name":"wp","href":"https:\/\/api.w.org\/{rel}","templated":true}]}}