{"id":4486,"date":"2022-10-26T11:31:00","date_gmt":"2022-10-26T08:31:00","guid":{"rendered":"https:\/\/pood.moe.ee\/?post_type=product&#038;p=4486"},"modified":"2023-09-11T07:57:58","modified_gmt":"2023-09-11T04:57:58","slug":"cognac-park-borderies-single-cask-mizunara-2006","status":"publish","type":"product","link":"https:\/\/pood-moe.dev.almic.ee\/en\/shop\/kangealkohol\/konjak\/cognac-park-borderies-single-cask-mizunara-2006\/","title":{"rendered":"Cognac Park Borderies Single Cask Mizunara 2006"},"content":{"rendered":"","protected":false},"excerpt":{"rendered":"<p>Cognac Park Borderies Single Cask Mizunara 2006<\/p>\n<p>Piirkond: Cognac \/ Borderies<br \/>\nCognac Park Borderies Single Cask Mizunara on valmistatud 2006 aastal destilleeritud eau de vie baasil.<br \/>\nOma k\u00fcpsemise alguses veedab konjak 10 kuud uutes tammevaatides, et seej\u00e4rel omandada oma k\u00fcpsus ja \u00fcmarus kasutatud tammevaatides. L\u00f5pliku viimistluse saab konjak 6 kuu jooksul Jaapani Mizunara tammevaatides, mis lisavad konjakile rikkalikke aromaatseid, suitsuseid ja v\u00fcrtsikaid noote.<br \/>\nTootja: Distillerie Tessendier&amp;Fils<br \/>\nM\u00f5ni tore fakt:<br \/>\nCognac kuuest piirkonnast k\u00f5ige eksklusiivsem kasvupiirkonnast Borderie p\u00e4rit eau de vie annab konjakile meeldivat \u00fcmarust ja aromaatsust.<br \/>\nMizunara tamm on haruldane Jaapani tammeliik, mida kasutatakse tammevaatide valmistamiseks, milles arendatakse parimaid Jaapani eau- de vie- sid.<\/p>\n","protected":false},"featured_media":5669,"template":"","meta":[],"product_cat":[410,41],"product_tag":[],"acf":[],"_links":{"self":[{"href":"https:\/\/pood-moe.dev.almic.ee\/en\/wp-json\/wp\/v2\/product\/4486"}],"collection":[{"href":"https:\/\/pood-moe.dev.almic.ee\/en\/wp-json\/wp\/v2\/product"}],"about":[{"href":"https:\/\/pood-moe.dev.almic.ee\/en\/wp-json\/wp\/v2\/types\/product"}],"wp:featuredmedia":[{"embeddable":true,"href":"https:\/\/pood-moe.dev.almic.ee\/en\/wp-json\/wp\/v2\/media\/5669"}],"wp:attachment":[{"href":"https:\/\/pood-moe.dev.almic.ee\/en\/wp-json\/wp\/v2\/media?parent=4486"}],"wp:term":[{"taxonomy":"product_cat","embeddable":true,"href":"https:\/\/pood-moe.dev.almic.ee\/en\/wp-json\/wp\/v2\/product_cat?post=4486"},{"taxonomy":"product_tag","embeddable":true,"href":"https:\/\/pood-moe.dev.almic.ee\/en\/wp-json\/wp\/v2\/product_tag?post=4486"}],"curies":[{"name":"wp","href":"https:\/\/api.w.org\/{rel}","templated":true}]}}