{"id":4498,"date":"2022-10-26T12:03:55","date_gmt":"2022-10-26T09:03:55","guid":{"rendered":"https:\/\/pood.moe.ee\/?post_type=product&#038;p=4498"},"modified":"2023-09-11T07:57:58","modified_gmt":"2023-09-11T04:57:58","slug":"cognac-park-chai-n8-single-barrel-borderies","status":"publish","type":"product","link":"https:\/\/pood-moe.dev.almic.ee\/en\/shop\/kangealkohol\/konjak\/cognac-park-chai-n8-single-barrel-borderies\/","title":{"rendered":"Cognac Park CHAI N\u00b08 SINGLE BARREL Borderies"},"content":{"rendered":"","protected":false},"excerpt":{"rendered":"<p>Cognac Park CHAI N\u00b08 SINGLE BARREL Borderies<\/p>\n<p>Piirkond: Cognac \/ Borderies<br \/>\nTerroir p\u00f5hine konjak, mille aroomi komponendid avalduvad aegam\u00f6\u00f6da.<br \/>\nKonjak, mille l\u00f5ppviimistluses v\u00f5ib kohata ajatut elegantsi ja Borderie piirkonnale omast puuviljast \u00fcmarust k\u00e4sik\u00e4es meeldivate floraalsusega.<br \/>\nElegantne, kompleksne ja originaalsete aroomi &#8211; ja maitse n\u00fcanssidega konjak. Karakteris v\u00f5ib \u00e4ra tunda kuivatatud luuvilju, rosinad, viigimarju, meek\u00e4rge, ingverit, kannikesi ja p\u00e4hkliseid toone. L\u00f5ppviimistlus elegantne ja pikk.<br \/>\nKonjaki segamisel on kasutatud konjakeid, mis p\u00e4rinevad aastatest 1992 ja 1994.<br \/>\n\u201eLe Chai no.8\u201c (Cellar 8) peidab oma vaatides vanimaid distillerie konjakeid. Jerome Tessendieri soov oli jagada neid aardeid maailmaga ja nii kollektsioon Park Chai No.8 s\u00fcndis.<br \/>\nTootja: Distillerie Tessendier&amp;Fils<br \/>\nM\u00f5ni tore fakt:<br \/>\nPark Cognac nimetuse taga on Soti juurtega vison\u00e4\u00e4r Dominic Park, kelle soov oli luua omanimelised konjakid. 1993 aastal \u00fchinesid Jerome Tessendier ja Park, et luua \u201er\u00e4tsep stiilis\u201c konjakid PARK.<br \/>\nToode on v\u00f5itnud auhindu erinevatelt joogi konkurssidelt.<br \/>\n<a href=\"https:\/\/www.cognac-park.com\/en\/page\/23\/pakusingurubareruchai-ndeg8\" target=\"_blank\" rel=\"noopener\">https:\/\/www.cognac-park.com\/en\/page\/23\/pakusingurubareruchai-ndeg8<\/a><\/p>\n","protected":false},"featured_media":5679,"template":"","meta":[],"product_cat":[410,41],"product_tag":[],"acf":[],"_links":{"self":[{"href":"https:\/\/pood-moe.dev.almic.ee\/en\/wp-json\/wp\/v2\/product\/4498"}],"collection":[{"href":"https:\/\/pood-moe.dev.almic.ee\/en\/wp-json\/wp\/v2\/product"}],"about":[{"href":"https:\/\/pood-moe.dev.almic.ee\/en\/wp-json\/wp\/v2\/types\/product"}],"wp:featuredmedia":[{"embeddable":true,"href":"https:\/\/pood-moe.dev.almic.ee\/en\/wp-json\/wp\/v2\/media\/5679"}],"wp:attachment":[{"href":"https:\/\/pood-moe.dev.almic.ee\/en\/wp-json\/wp\/v2\/media?parent=4498"}],"wp:term":[{"taxonomy":"product_cat","embeddable":true,"href":"https:\/\/pood-moe.dev.almic.ee\/en\/wp-json\/wp\/v2\/product_cat?post=4498"},{"taxonomy":"product_tag","embeddable":true,"href":"https:\/\/pood-moe.dev.almic.ee\/en\/wp-json\/wp\/v2\/product_tag?post=4498"}],"curies":[{"name":"wp","href":"https:\/\/api.w.org\/{rel}","templated":true}]}}