{"id":4503,"date":"2022-10-26T12:07:52","date_gmt":"2022-10-26T09:07:52","guid":{"rendered":"https:\/\/pood.moe.ee\/?post_type=product&#038;p=4503"},"modified":"2023-09-11T07:57:57","modified_gmt":"2023-09-11T04:57:57","slug":"cognac-park-chai-n8-single-barrel-petite-champagne","status":"publish","type":"product","link":"https:\/\/pood-moe.dev.almic.ee\/en\/shop\/kangealkohol\/konjak\/cognac-park-chai-n8-single-barrel-petite-champagne\/","title":{"rendered":"Cognac Park CHAI N\u00b08 SINGLE BARREL Petite Champagne"},"content":{"rendered":"","protected":false},"excerpt":{"rendered":"<p>Cognac Park CHAI N\u00b08 SINGLE BARREL Petite Champagne<\/p>\n<p>Piirkond: Cognac \/ Petite Champagne<br \/>\nTerroir p\u00f5hine elegantne ja kompleksne konjak, millel on intensiivsed ja kaua kestvad aroomi \u2013 ja maitse n\u00fcansid, mis avanevad aegam\u00f6\u00f6da.<br \/>\nOma k\u00fcpsemis perioodi algul areneb konjak 12 kuu v\u00e4ltel uutes tammevaatides. Seej\u00e4rel toimub k\u00fcpsemine 21 aasta v\u00e4ltel kasutatud 350 l vaatides.<br \/>\n\u201eLe Chai no.8\u201c (Cellar 8) peidab oma vaatides vanimaid distillerie konjakeid. Jerome Tessendieri soov oli jagada neid aardeid maailmaga ja nii kollektsioon Park Chai No.8 s\u00fcndis.<br \/>\nCognac Park CHAI N\u00b08 SINGLE BARREL on nauditav tr\u00fchvlit sisaldavate toitudega ja ennek\u00f5ike iseseisvalt.<br \/>\nOriginaalne kingitus t\u00e4htp\u00e4evaks v\u00f5i aastap\u00e4eva s\u00fcndmuste puhul.<br \/>\nTootja: Distillerie Tessendier&amp;Fils<br \/>\nM\u00f5ni tore fakt:<br \/>\nPark Cognac nimetuse taga on Soti juurtega vison\u00e4\u00e4r Dominic Park, kelle soov oli luua omanimelised konjakid. 1993 aastal \u00fchinesid Jerome Tessendier ja Park, et luua \u201er\u00e4tsep stiilis\u201c konjakid PARK.<\/p>\n","protected":false},"featured_media":5685,"template":"","meta":[],"product_cat":[410,41],"product_tag":[],"acf":[],"_links":{"self":[{"href":"https:\/\/pood-moe.dev.almic.ee\/en\/wp-json\/wp\/v2\/product\/4503"}],"collection":[{"href":"https:\/\/pood-moe.dev.almic.ee\/en\/wp-json\/wp\/v2\/product"}],"about":[{"href":"https:\/\/pood-moe.dev.almic.ee\/en\/wp-json\/wp\/v2\/types\/product"}],"wp:featuredmedia":[{"embeddable":true,"href":"https:\/\/pood-moe.dev.almic.ee\/en\/wp-json\/wp\/v2\/media\/5685"}],"wp:attachment":[{"href":"https:\/\/pood-moe.dev.almic.ee\/en\/wp-json\/wp\/v2\/media?parent=4503"}],"wp:term":[{"taxonomy":"product_cat","embeddable":true,"href":"https:\/\/pood-moe.dev.almic.ee\/en\/wp-json\/wp\/v2\/product_cat?post=4503"},{"taxonomy":"product_tag","embeddable":true,"href":"https:\/\/pood-moe.dev.almic.ee\/en\/wp-json\/wp\/v2\/product_tag?post=4503"}],"curies":[{"name":"wp","href":"https:\/\/api.w.org\/{rel}","templated":true}]}}