{"id":4508,"date":"2022-10-26T12:18:48","date_gmt":"2022-10-26T09:18:48","guid":{"rendered":"https:\/\/pood.moe.ee\/?post_type=product&#038;p=4508"},"modified":"2023-09-11T07:57:57","modified_gmt":"2023-09-11T04:57:57","slug":"cognac-park-cigar-blend-vielle-fine-champagne","status":"publish","type":"product","link":"https:\/\/pood-moe.dev.almic.ee\/en\/shop\/kangealkohol\/konjak\/cognac-park-cigar-blend-vielle-fine-champagne\/","title":{"rendered":"Cognac PARK Cigar Blend Vielle Fine Champagne"},"content":{"rendered":"","protected":false},"excerpt":{"rendered":"<p>Cognac PARK Cigar Blend Vielle Fine Champagne<\/p>\n<p>Piirkond: Cognac \/ Grande Champagne ja Petite Champagne<br \/>\nMeeh\u00f5nguline konjak, kus segunemas vanilje ja saffran. Harmooniline kooslus , millel on pikk ja n\u00fcansirikas l\u00f5ppviimistlus.<br \/>\nPARK Cigar Blend on segatud eau de viedest, mille p\u00e4ritolu v\u00f5ib m\u00e4\u00e4ratleda 70% ulatuses Grande Champagnest ja 30% ulatuses Petite Champagnest. Konjak veedab oma arengu algul 12 kuud uutes tammevaatides. L\u00f5plik areng toimub kasutatud tammevaadis.<br \/>\nTootja: Distillerie Tessendier&amp;Fils<br \/>\nM\u00f5ni tore fakt \uf04a<br \/>\nKonjak on tore kaaslane Hondurase sigarite v\u00f5i kvaliteetse Grand cru t\u00e4histusega sokolaadi k\u00f5rval.<br \/>\nPark Cognac nimetuse taga on Soti juurtega vison\u00e4\u00e4r Dominic Park, kelle soov oli luua omanimelised konjakid. 1993 aastal \u00fchinesid Jerome Tessendier ja Park, et luua \u201er\u00e4tsep stiilis\u201c konjakid PARK.<br \/>\nKonjakid on v\u00f5itnud arvukalt tunnustusi erinevatelt joogi konkurssidelt.<br \/>\n<a href=\"https:\/\/www.cognac-park.com\/en\/page\/20\/park-xo-cigar-blend\" target=\"_blank\" rel=\"noopener\">https:\/\/www.cognac-park.com\/en\/page\/20\/park-xo-cigar-blend<\/a><\/p>\n","protected":false},"featured_media":5683,"template":"","meta":[],"product_cat":[410,41],"product_tag":[],"acf":[],"_links":{"self":[{"href":"https:\/\/pood-moe.dev.almic.ee\/en\/wp-json\/wp\/v2\/product\/4508"}],"collection":[{"href":"https:\/\/pood-moe.dev.almic.ee\/en\/wp-json\/wp\/v2\/product"}],"about":[{"href":"https:\/\/pood-moe.dev.almic.ee\/en\/wp-json\/wp\/v2\/types\/product"}],"wp:featuredmedia":[{"embeddable":true,"href":"https:\/\/pood-moe.dev.almic.ee\/en\/wp-json\/wp\/v2\/media\/5683"}],"wp:attachment":[{"href":"https:\/\/pood-moe.dev.almic.ee\/en\/wp-json\/wp\/v2\/media?parent=4508"}],"wp:term":[{"taxonomy":"product_cat","embeddable":true,"href":"https:\/\/pood-moe.dev.almic.ee\/en\/wp-json\/wp\/v2\/product_cat?post=4508"},{"taxonomy":"product_tag","embeddable":true,"href":"https:\/\/pood-moe.dev.almic.ee\/en\/wp-json\/wp\/v2\/product_tag?post=4508"}],"curies":[{"name":"wp","href":"https:\/\/api.w.org\/{rel}","templated":true}]}}