{"id":4514,"date":"2022-10-26T12:44:22","date_gmt":"2022-10-26T09:44:22","guid":{"rendered":"https:\/\/pood.moe.ee\/?post_type=product&#038;p=4514"},"modified":"2023-09-11T07:57:57","modified_gmt":"2023-09-11T04:57:57","slug":"cognac-park-extra-grande-champagne","status":"publish","type":"product","link":"https:\/\/pood-moe.dev.almic.ee\/en\/shop\/kangealkohol\/konjak\/cognac-park-extra-grande-champagne\/","title":{"rendered":"Cognac PARK Extra Grande Champagne"},"content":{"rendered":"","protected":false},"excerpt":{"rendered":"<p>Cognac PARK Extra Grande Champagne<\/p>\n<p>Piirkond: Cognac \/ Grande Champagne<br \/>\nTerroir p\u00f5hine konjak, mis avaneb pikkam\u00f6\u00f6da. Rikkalik ja n\u00fcansirohke merevaigu v\u00e4rvusega konjak, mille aroomi- ja maitsepalett v\u00e4ljendab kuivatatud viigimarju, r\u00f6stitud mandleid ja sigari karbi ja naha n\u00fcansse. Viinamarja sordiks Ugni Blanc.<br \/>\nPARK Extra Grande Champagne Cognac veedab oma arengu algul 12 kuud uutes tammevaatides. L\u00f5plikult valmib konjak kerge r\u00f6stiga viimistletud kasutatud tammevaadis (350 l).<br \/>\nNauditav Kuuba sigari, sokolaadi fondanti v\u00f5i soolakaramelliste magustoitude k\u00f5rval.<br \/>\nTootja: Distillerie Tessendier&amp;Fils<br \/>\nM\u00f5ni tore fakt:<br \/>\nPark Cognac nimetuse taga on Soti juurtega vison\u00e4\u00e4r Dominic Park, kelle soov oli luua omanimelised konjakid. 1993 aastal \u00fchinesid Jerome Tessendier ja Park, et luua \u201er\u00e4tsep stiilis\u201c konjakid PARK.<br \/>\nKonjak on v\u00f5itnud erinevaid auhindu mitmetelt joogi konkurssidelt.<br \/>\n<a href=\"https:\/\/www.cognac-park.com\/en\/page\/21\/park-extra-grande-champagne\" target=\"_blank\" rel=\"noopener\">https:\/\/www.cognac-park.com\/en\/page\/21\/park-extra-grande-champagne<\/a><\/p>\n","protected":false},"featured_media":5703,"template":"","meta":[],"product_cat":[410,41],"product_tag":[],"acf":[],"_links":{"self":[{"href":"https:\/\/pood-moe.dev.almic.ee\/en\/wp-json\/wp\/v2\/product\/4514"}],"collection":[{"href":"https:\/\/pood-moe.dev.almic.ee\/en\/wp-json\/wp\/v2\/product"}],"about":[{"href":"https:\/\/pood-moe.dev.almic.ee\/en\/wp-json\/wp\/v2\/types\/product"}],"wp:featuredmedia":[{"embeddable":true,"href":"https:\/\/pood-moe.dev.almic.ee\/en\/wp-json\/wp\/v2\/media\/5703"}],"wp:attachment":[{"href":"https:\/\/pood-moe.dev.almic.ee\/en\/wp-json\/wp\/v2\/media?parent=4514"}],"wp:term":[{"taxonomy":"product_cat","embeddable":true,"href":"https:\/\/pood-moe.dev.almic.ee\/en\/wp-json\/wp\/v2\/product_cat?post=4514"},{"taxonomy":"product_tag","embeddable":true,"href":"https:\/\/pood-moe.dev.almic.ee\/en\/wp-json\/wp\/v2\/product_tag?post=4514"}],"curies":[{"name":"wp","href":"https:\/\/api.w.org\/{rel}","templated":true}]}}