{"id":4521,"date":"2022-10-26T12:48:09","date_gmt":"2022-10-26T09:48:09","guid":{"rendered":"https:\/\/pood.moe.ee\/?post_type=product&#038;p=4521"},"modified":"2023-09-11T07:57:56","modified_gmt":"2023-09-11T04:57:56","slug":"cognac-park-vsop","status":"publish","type":"product","link":"https:\/\/pood-moe.dev.almic.ee\/en\/shop\/kangealkohol\/konjak\/cognac-park-vsop\/","title":{"rendered":"Cognac Park VSOP"},"content":{"rendered":"","protected":false},"excerpt":{"rendered":"<p>Cognac Park VSOP<\/p>\n<p>Piirkond: Cognac \/ Blend Petite Champagne, Fins Bois, Grande Champagne<br \/>\nKaunis kuldse v\u00e4rvusega sillerdav konjak. Mahlaka troopiliste puuviljade karakteriga aromaatne konjak, millel on mineraalne struktuur ja j\u00e4relmaitses avaldumas majesteetlikud k\u00fcpsetusv\u00fcrtsid , mis on arenenud pikaajalise tammevaadi viimistluse k\u00e4igus.<br \/>\nCognac Park VSOP on loodud harmoonias kasutades eaux de viesid, mis on saadud kasutades viinamarju j\u00e4rgmistest piirkondadest 40% Fins Bois, 40% Petite Champagnes ja 20% Grande Champagnes . Viinamarja sordiks Ugni Blanc. Konjak on arenenud 8 kuud uutes tammevaatides ja seej\u00e4rel kasutatud tammevaadis.<br \/>\nTootja: Distillerie Tessendier&amp;Fils<br \/>\nM\u00f5ni tore fakt: Moe Distilleril on r\u00f5\u00f5m tutvustada oma sortimendis Prantsusmaalt Cognaci piirkonna s\u00fcdamest p\u00e4rit destilleerijat Tessendier&amp; Fils, kelle ajalugu saab alguse 1880 aastatel.<br \/>\nOlles eelnevalt viinamarja kasvataja nooblis Coqnaci piirkonnas Borderie soovis Gaston Tessendier silma paista ka piirkonna parimate eau de vie &#8211; de loomisega.<br \/>\nToode on p\u00e4rjatud erinevate auhindadega maailma juhtivatel joogi v\u00f5istlustel.<br \/>\n<a href=\"https:\/\/www.cognac-park.com\/en\/page\/16\/park-vsop\" target=\"_blank\" rel=\"noopener\">https:\/\/www.cognac-park.com\/en\/page\/16\/park-vsop<\/a><\/p>\n","protected":false},"featured_media":5711,"template":"","meta":[],"product_cat":[410,41],"product_tag":[],"acf":[],"_links":{"self":[{"href":"https:\/\/pood-moe.dev.almic.ee\/en\/wp-json\/wp\/v2\/product\/4521"}],"collection":[{"href":"https:\/\/pood-moe.dev.almic.ee\/en\/wp-json\/wp\/v2\/product"}],"about":[{"href":"https:\/\/pood-moe.dev.almic.ee\/en\/wp-json\/wp\/v2\/types\/product"}],"wp:featuredmedia":[{"embeddable":true,"href":"https:\/\/pood-moe.dev.almic.ee\/en\/wp-json\/wp\/v2\/media\/5711"}],"wp:attachment":[{"href":"https:\/\/pood-moe.dev.almic.ee\/en\/wp-json\/wp\/v2\/media?parent=4521"}],"wp:term":[{"taxonomy":"product_cat","embeddable":true,"href":"https:\/\/pood-moe.dev.almic.ee\/en\/wp-json\/wp\/v2\/product_cat?post=4521"},{"taxonomy":"product_tag","embeddable":true,"href":"https:\/\/pood-moe.dev.almic.ee\/en\/wp-json\/wp\/v2\/product_tag?post=4521"}],"curies":[{"name":"wp","href":"https:\/\/api.w.org\/{rel}","templated":true}]}}