{"id":4526,"date":"2022-10-26T13:01:04","date_gmt":"2022-10-26T10:01:04","guid":{"rendered":"https:\/\/pood.moe.ee\/?post_type=product&#038;p=4526"},"modified":"2023-09-11T07:57:56","modified_gmt":"2023-09-11T04:57:56","slug":"cognac-park-single-cru-borderies-mizunara-10-years","status":"publish","type":"product","link":"https:\/\/pood-moe.dev.almic.ee\/en\/shop\/kangealkohol\/konjak\/cognac-park-single-cru-borderies-mizunara-10-years\/","title":{"rendered":"Cognac PARK Single Cru Borderies Mizunara 10 years"},"content":{"rendered":"","protected":false},"excerpt":{"rendered":"<p>Cognac PARK Single Cru Borderies Mizunara 10 years<\/p>\n<p>Piirkond: Cognac \/ Borderies<br \/>\n10 aasta vanuses konjakis on unikaalse liidu moodustanud Borderie terroiril kasvanud viinamarjadest valmistatud eau de vie ja Jaapani tamme Mizunara vaadi viimistlus.<br \/>\nOma k\u00fcpsemise alguses veedab konjak 10 kuud uutes tammevaatides, et seej\u00e4rel omandada 10 aasta v\u00e4ltel oma k\u00fcpsus ja \u00fcmarus kasutatud tammevaatides. L\u00f5pliku viimistluse saab konjak 9-12 kuu jooksul uutes Jaapani Mizunara tammevaatides. Konjaki aroomi- ja maitsepaletis v\u00f5ib tunda kuivatatud puuviljaseid noote k\u00e4sik\u00e4es suitsuste ja puiduste n\u00fcanssidega.<br \/>\nTootja: Distillerie Tessendier&amp;Fils<br \/>\nM\u00f5ni tore fakt:<br \/>\nCognac kuuest piirkonnast k\u00f5ige eksklusiivsem kasvupiirkonnast Borderie terroir annab eau de vie -le meeldivat \u00fcmarust ja aromaatsust.<br \/>\nMizunara tamm on haruldane Jaapani tammeliik, mida kasutatakse tammevaatide valmistamiseks. Taolistes vaatides arendatakse parimaid Jaapani eau- de vie- sid.<\/p>\n","protected":false},"featured_media":5691,"template":"","meta":[],"product_cat":[410,41],"product_tag":[],"acf":[],"_links":{"self":[{"href":"https:\/\/pood-moe.dev.almic.ee\/en\/wp-json\/wp\/v2\/product\/4526"}],"collection":[{"href":"https:\/\/pood-moe.dev.almic.ee\/en\/wp-json\/wp\/v2\/product"}],"about":[{"href":"https:\/\/pood-moe.dev.almic.ee\/en\/wp-json\/wp\/v2\/types\/product"}],"wp:featuredmedia":[{"embeddable":true,"href":"https:\/\/pood-moe.dev.almic.ee\/en\/wp-json\/wp\/v2\/media\/5691"}],"wp:attachment":[{"href":"https:\/\/pood-moe.dev.almic.ee\/en\/wp-json\/wp\/v2\/media?parent=4526"}],"wp:term":[{"taxonomy":"product_cat","embeddable":true,"href":"https:\/\/pood-moe.dev.almic.ee\/en\/wp-json\/wp\/v2\/product_cat?post=4526"},{"taxonomy":"product_tag","embeddable":true,"href":"https:\/\/pood-moe.dev.almic.ee\/en\/wp-json\/wp\/v2\/product_tag?post=4526"}],"curies":[{"name":"wp","href":"https:\/\/api.w.org\/{rel}","templated":true}]}}