{"id":4531,"date":"2022-10-26T13:04:22","date_gmt":"2022-10-26T10:04:22","guid":{"rendered":"https:\/\/pood.moe.ee\/?post_type=product&#038;p=4531"},"modified":"2023-09-11T07:57:55","modified_gmt":"2023-09-11T04:57:55","slug":"cognac-park-carte-blanche-very-special","status":"publish","type":"product","link":"https:\/\/pood-moe.dev.almic.ee\/en\/shop\/kangealkohol\/konjak\/cognac-park-carte-blanche-very-special\/","title":{"rendered":"Cognac Park Carte Blanche Very Special"},"content":{"rendered":"","protected":false},"excerpt":{"rendered":"<p>Cognac Park Carte Blanche Very Special<\/p>\n<p>Piirkond: Cognac\/ Fins Bois ja Petite Champagne<br \/>\nKaunis meekarva puhas ja sillerdav konjak. Elegantse viimistlusega harmooniline blend, mille aroomi \u2013 ja maitsepaleti seovad tervikuks kuivatatud puuviljade ja marjade n\u00fcansid, mesised \u00f5ied ja j\u00f5ulisem v\u00fcrtsikas l\u00f5ppviimistlus.<br \/>\nTootest: Cognac Park VS on loodud harmoonias kasutades eaux de viesid, mis on saadud kasutades viinamarju mis on kasvanud 50% ulatuses Fins Bois ja 50% ulatuses Petite Champagne piirkondades.<br \/>\nTootja: Distillerie Tessendier&amp;Fils<br \/>\nM\u00f5ni tore fakt:<br \/>\nOlles eelnevalt viinamarja kasvataja nooblis Cognaci piirkonnas Borderie soovis Gaston Tessendier silma paista ka piirkonna parimate eau de vie &#8211; de loomisega.<br \/>\nToode on p\u00e4rjatud erinevate auhindadega maailma juhtivatel joogi v\u00f5istlustel.<br \/>\n<a href=\"https:\/\/www.cognac-park.com\/en\/page\/6\/park-vs-carte-blanche\" target=\"_blank\" rel=\"noopener\">https:\/\/www.cognac-park.com\/en\/page\/6\/park-vs-carte-blanche<\/a><\/p>\n","protected":false},"featured_media":5675,"template":"","meta":[],"product_cat":[410,41],"product_tag":[],"acf":[],"_links":{"self":[{"href":"https:\/\/pood-moe.dev.almic.ee\/en\/wp-json\/wp\/v2\/product\/4531"}],"collection":[{"href":"https:\/\/pood-moe.dev.almic.ee\/en\/wp-json\/wp\/v2\/product"}],"about":[{"href":"https:\/\/pood-moe.dev.almic.ee\/en\/wp-json\/wp\/v2\/types\/product"}],"wp:featuredmedia":[{"embeddable":true,"href":"https:\/\/pood-moe.dev.almic.ee\/en\/wp-json\/wp\/v2\/media\/5675"}],"wp:attachment":[{"href":"https:\/\/pood-moe.dev.almic.ee\/en\/wp-json\/wp\/v2\/media?parent=4531"}],"wp:term":[{"taxonomy":"product_cat","embeddable":true,"href":"https:\/\/pood-moe.dev.almic.ee\/en\/wp-json\/wp\/v2\/product_cat?post=4531"},{"taxonomy":"product_tag","embeddable":true,"href":"https:\/\/pood-moe.dev.almic.ee\/en\/wp-json\/wp\/v2\/product_tag?post=4531"}],"curies":[{"name":"wp","href":"https:\/\/api.w.org\/{rel}","templated":true}]}}