{"id":4536,"date":"2022-10-26T13:15:12","date_gmt":"2022-10-26T10:15:12","guid":{"rendered":"https:\/\/pood.moe.ee\/?post_type=product&#038;p=4536"},"modified":"2023-09-11T07:57:55","modified_gmt":"2023-09-11T04:57:55","slug":"cognac-park-xo-grande-champagne","status":"publish","type":"product","link":"https:\/\/pood-moe.dev.almic.ee\/en\/shop\/kangealkohol\/konjak\/cognac-park-xo-grande-champagne\/","title":{"rendered":"Cognac PARK XO Grande Champagne"},"content":{"rendered":"","protected":false},"excerpt":{"rendered":"<p>PARK XO Grande Champagne Cognac<\/p>\n<p>Piirkond: Cognac \/ Grande Champagne<br \/>\nTerroir p\u00f5hine konjak, mille aroomi komponendid avalduvad aegam\u00f6\u00f6da. V\u00f5imaldades meeldivaid kuivatatud luuviljade, sarapuup\u00e4hklite ja piparkookide aroome.<br \/>\nGrande Champagne terroirilt p\u00e4rinev konjak k\u00e4tkeb endas delikaatseid aroomi -ja maitse n\u00fcansse, mis avanevad aegamisi.<br \/>\nPARK XO Grande Champagne Cognac veedab oma arengu algul 12 kuud uutes tammevaatides. \u00dclej\u00e4\u00e4nud k\u00fcpsemisaja veedab ta kasutatud tammevaadis. Konjaki maitsepalett v\u00e4ljendab kuivatatud aprikoose, viigimarju, sarapuu p\u00e4hkleid, mandleid ja tubaka ning v\u00fcrtsiseid maitsen\u00fcansse. Viinamarja sordiks Ugni Blanc.<br \/>\nTootja: Distillerie Tessendier&amp;Fils<br \/>\nM\u00f5ni tore fakt:<br \/>\nPark Cognac nimetuse taga on Soti juurtega vison\u00e4\u00e4r Dominic Park, kelle soov oli luua omanimelised konjakid. 1993 aastal \u00fchinesid Jerome Tessendier ja Park, et luua \u201er\u00e4tsep stiilis\u201c konjakid PARK.<\/p>\n","protected":false},"featured_media":5707,"template":"","meta":[],"product_cat":[410,41],"product_tag":[],"acf":[],"_links":{"self":[{"href":"https:\/\/pood-moe.dev.almic.ee\/en\/wp-json\/wp\/v2\/product\/4536"}],"collection":[{"href":"https:\/\/pood-moe.dev.almic.ee\/en\/wp-json\/wp\/v2\/product"}],"about":[{"href":"https:\/\/pood-moe.dev.almic.ee\/en\/wp-json\/wp\/v2\/types\/product"}],"wp:featuredmedia":[{"embeddable":true,"href":"https:\/\/pood-moe.dev.almic.ee\/en\/wp-json\/wp\/v2\/media\/5707"}],"wp:attachment":[{"href":"https:\/\/pood-moe.dev.almic.ee\/en\/wp-json\/wp\/v2\/media?parent=4536"}],"wp:term":[{"taxonomy":"product_cat","embeddable":true,"href":"https:\/\/pood-moe.dev.almic.ee\/en\/wp-json\/wp\/v2\/product_cat?post=4536"},{"taxonomy":"product_tag","embeddable":true,"href":"https:\/\/pood-moe.dev.almic.ee\/en\/wp-json\/wp\/v2\/product_tag?post=4536"}],"curies":[{"name":"wp","href":"https:\/\/api.w.org\/{rel}","templated":true}]}}