{"id":4541,"date":"2022-10-26T13:18:36","date_gmt":"2022-10-26T10:18:36","guid":{"rendered":"https:\/\/pood.moe.ee\/?post_type=product&#038;p=4541"},"modified":"2023-09-11T07:57:54","modified_gmt":"2023-09-11T04:57:54","slug":"cognac-park-fins-bois-organic","status":"publish","type":"product","link":"https:\/\/pood-moe.dev.almic.ee\/en\/shop\/kangealkohol\/konjak\/cognac-park-fins-bois-organic\/","title":{"rendered":"Cognac PARK Fins Bois Organic"},"content":{"rendered":"","protected":false},"excerpt":{"rendered":"<p>Cognac PARK Fins Bois Organic<\/p>\n<p>Piirkond: Cognac \/ Fins Bois<br \/>\nKonjak on p\u00fchendatud piirkonna orgaanilisele viinamarja kasvatusele. Keldri meister on valinud parimad piirkonna savistel liivakivistel muldadel kasvanud viinamarjadest valmistatud veinid, millest destilleerida eau de vie.<br \/>\nFins Bois terroirilt p\u00e4rinev konjak k\u00e4tkeb endas meeldivat \u00fcmarust, n\u00f5tkust ja elegantsi.<br \/>\nOrganic Cognac on oma arengu algul valminud 6 kuud uutes tammevaatides, valmides seej\u00e4rel l\u00f5plikult kasutatud tammevaadis. Konjaki maitsepalett v\u00e4ljendub meeldivas tanniinsuses ja troopiliste puuviljade iseloomus, millel sekundeerivad v\u00fcrtsised, ingverised maitsen\u00fcansid. Viinamarja sordiks Ugni Blanc.<br \/>\nKonjak kannb Euroopa liidu \u00f6koloogilise p\u00f5llumajanduse m\u00e4rgiseid.<br \/>\nTootja: Distillerie Tessendier&amp;Fils<br \/>\nM\u00f5ni tore fakt:<br \/>\nFins Bois terroirilt p\u00e4rit konjakid kannavad oma maitsepalettis elegantseid, kreemiseid ja mineraalseid maitsen\u00fcansse.<br \/>\nPark nimetuse taga on Soti juurtega vison\u00e4\u00e4r Dominic Park, kelle soov oli luua omanimelised konjakid. 1993 aastal \u00fchinesid Jerome Tessendier ja Park, et luua \u201er\u00e4tsep stiilis\u201c konjakid PARK.<br \/>\nToode on p\u00e4rjatud erinevate auhindadega maailma juhtivate joogihindajate poolt.<br \/>\n<a href=\"https:\/\/www.cognac-park.com\/en\/page\/12\/pakuoganitukuhuinboa\" target=\"_blank\" rel=\"noopener\">https:\/\/www.cognac-park.com\/en\/page\/12\/pakuoganitukuhuinboa<\/a><\/p>\n","protected":false},"featured_media":5699,"template":"","meta":[],"product_cat":[410,41],"product_tag":[],"acf":[],"_links":{"self":[{"href":"https:\/\/pood-moe.dev.almic.ee\/en\/wp-json\/wp\/v2\/product\/4541"}],"collection":[{"href":"https:\/\/pood-moe.dev.almic.ee\/en\/wp-json\/wp\/v2\/product"}],"about":[{"href":"https:\/\/pood-moe.dev.almic.ee\/en\/wp-json\/wp\/v2\/types\/product"}],"wp:featuredmedia":[{"embeddable":true,"href":"https:\/\/pood-moe.dev.almic.ee\/en\/wp-json\/wp\/v2\/media\/5699"}],"wp:attachment":[{"href":"https:\/\/pood-moe.dev.almic.ee\/en\/wp-json\/wp\/v2\/media?parent=4541"}],"wp:term":[{"taxonomy":"product_cat","embeddable":true,"href":"https:\/\/pood-moe.dev.almic.ee\/en\/wp-json\/wp\/v2\/product_cat?post=4541"},{"taxonomy":"product_tag","embeddable":true,"href":"https:\/\/pood-moe.dev.almic.ee\/en\/wp-json\/wp\/v2\/product_tag?post=4541"}],"curies":[{"name":"wp","href":"https:\/\/api.w.org\/{rel}","templated":true}]}}