{"id":4546,"date":"2022-10-26T13:22:12","date_gmt":"2022-10-26T10:22:12","guid":{"rendered":"https:\/\/pood.moe.ee\/?post_type=product&#038;p=4546"},"modified":"2023-09-11T07:57:54","modified_gmt":"2023-09-11T04:57:54","slug":"cognac-park-single-cru-borderies-mizunara","status":"publish","type":"product","link":"https:\/\/pood-moe.dev.almic.ee\/en\/shop\/kangealkohol\/konjak\/cognac-park-single-cru-borderies-mizunara\/","title":{"rendered":"Cognac PARK Single Cru Borderies Mizunara"},"content":{"rendered":"","protected":false},"excerpt":{"rendered":"<p>Cognac PARK Single Cru Borderies Mizunara<\/p>\n<p>Cognac Park Single Cru Borderies Mizunara on unikaalne liit,kus on \u00fchendatud Borderie piirkonna k\u00fclades kasvanud viinamarjadest valmistatud eau de vie ja Jaapani tamme Mizunara vaadi viimistlus.<br \/>\nOma k\u00fcpsemise alguses veedab konjak 10 kuud uutes tammevaatides, et seej\u00e4rel omandada 4 aasta v\u00e4ltel oma k\u00fcpsus ja \u00fcmarus kasutatud tammevaatides. L\u00f5pliku viimistluse saab konjak 6 kuu jooksul uutes Jaapani Mizunara tammevaatides. Konjaki aroomi- ja maitsepaletis v\u00f5ib tunda meeldivaid viigimarja ja kirsi n\u00fcansse k\u00e4sik\u00e4es suitsuse ja v\u00fcrtsika l\u00f5ppviimistlusega.<br \/>\nTootja: Distillerie Tessendier&amp;Fils<br \/>\nM\u00f5ni tore fakt \uf04a Moe Distilleril on r\u00f5\u00f5m tutvustada oma sortimendis Prantsusmaalt Cognaci piirkonna s\u00fcdamest p\u00e4rit destilleerijat Tessendier&amp; Fils , kelle ajalugu sarnaselt meiega saab alguse 1880 aastatel.<br \/>\nOlles eelnevalt viinamarja kasvataja nooblis Coqnaci piirkonnas Borderie soovis asutaja Gaston Tessendier silma paista ka parimate eaux \u2013 de viede loomisega.<br \/>\nToode on p\u00e4rjatud erinevate auhindadega maailma juhtivatel joogi v\u00f5istlustel.<br \/>\n<a href=\"https:\/\/www.cognac-park.com\/en\/page\/17\/park-borderies-mizunara\" target=\"_blank\" rel=\"noopener\">https:\/\/www.cognac-park.com\/en\/page\/17\/park-borderies-mizunara<\/a><\/p>\n","protected":false},"featured_media":5695,"template":"","meta":[],"product_cat":[410,41],"product_tag":[],"acf":[],"_links":{"self":[{"href":"https:\/\/pood-moe.dev.almic.ee\/en\/wp-json\/wp\/v2\/product\/4546"}],"collection":[{"href":"https:\/\/pood-moe.dev.almic.ee\/en\/wp-json\/wp\/v2\/product"}],"about":[{"href":"https:\/\/pood-moe.dev.almic.ee\/en\/wp-json\/wp\/v2\/types\/product"}],"wp:featuredmedia":[{"embeddable":true,"href":"https:\/\/pood-moe.dev.almic.ee\/en\/wp-json\/wp\/v2\/media\/5695"}],"wp:attachment":[{"href":"https:\/\/pood-moe.dev.almic.ee\/en\/wp-json\/wp\/v2\/media?parent=4546"}],"wp:term":[{"taxonomy":"product_cat","embeddable":true,"href":"https:\/\/pood-moe.dev.almic.ee\/en\/wp-json\/wp\/v2\/product_cat?post=4546"},{"taxonomy":"product_tag","embeddable":true,"href":"https:\/\/pood-moe.dev.almic.ee\/en\/wp-json\/wp\/v2\/product_tag?post=4546"}],"curies":[{"name":"wp","href":"https:\/\/api.w.org\/{rel}","templated":true}]}}