{"id":4558,"date":"2022-10-26T13:40:17","date_gmt":"2022-10-26T10:40:17","guid":{"rendered":"https:\/\/pood.moe.ee\/?post_type=product&#038;p=4558"},"modified":"2023-09-11T07:57:53","modified_gmt":"2023-09-11T04:57:53","slug":"cognac-park-vintage-petite-champagne-1973","status":"publish","type":"product","link":"https:\/\/pood-moe.dev.almic.ee\/en\/shop\/kangealkohol\/konjak\/cognac-park-vintage-petite-champagne-1973\/","title":{"rendered":"Cognac Park Vintage Petite Champagne 1973"},"content":{"rendered":"","protected":false},"excerpt":{"rendered":"<p>Cognac Park Vintage Petite Champagne 1973<\/p>\n<p>Piirkond: Cognac \/ Petite Champagne<br \/>\nOma vintage kollektsiooniga soovis Park Cognac konjaki meister esitleda pikalt tammevaadis k\u00fcpsenud konajakeid luues omap\u00e4rase seeria aastak\u00e4igu konjakitest, mis esitlevad parimal moel oma kasvupiirkonna terroiri.<br \/>\nElegantne, kompleksne ja originaalsete n\u00fcanssidega konjak, millel on intensiivsed ja kaua kestvad aroomi \u2013 ja maitse n\u00fcansid.<br \/>\nAastak\u00e4igu konjakid on meeldiv kingitus vastava s\u00fcnniaastaga inimestele s\u00f5ltumata soost.<br \/>\nTootja: Distillerie Tessendier&amp;Fils<br \/>\nM\u00f5ni tore fakt:<br \/>\nPark Cognac nimetuse taga on Soti juurtega vison\u00e4\u00e4r Dominic Park, kelle soov oli luua omanimelised konjakid. 1993 aastal \u00fchinesid Jerome Tessendier ja Park, et luua \u201er\u00e4tsep stiilis\u201c konjakid PARK.<\/p>\n","protected":false},"featured_media":5715,"template":"","meta":[],"product_cat":[410,41],"product_tag":[],"acf":[],"_links":{"self":[{"href":"https:\/\/pood-moe.dev.almic.ee\/en\/wp-json\/wp\/v2\/product\/4558"}],"collection":[{"href":"https:\/\/pood-moe.dev.almic.ee\/en\/wp-json\/wp\/v2\/product"}],"about":[{"href":"https:\/\/pood-moe.dev.almic.ee\/en\/wp-json\/wp\/v2\/types\/product"}],"wp:featuredmedia":[{"embeddable":true,"href":"https:\/\/pood-moe.dev.almic.ee\/en\/wp-json\/wp\/v2\/media\/5715"}],"wp:attachment":[{"href":"https:\/\/pood-moe.dev.almic.ee\/en\/wp-json\/wp\/v2\/media?parent=4558"}],"wp:term":[{"taxonomy":"product_cat","embeddable":true,"href":"https:\/\/pood-moe.dev.almic.ee\/en\/wp-json\/wp\/v2\/product_cat?post=4558"},{"taxonomy":"product_tag","embeddable":true,"href":"https:\/\/pood-moe.dev.almic.ee\/en\/wp-json\/wp\/v2\/product_tag?post=4558"}],"curies":[{"name":"wp","href":"https:\/\/api.w.org\/{rel}","templated":true}]}}