{"id":4565,"date":"2022-10-26T13:42:58","date_gmt":"2022-10-26T10:42:58","guid":{"rendered":"https:\/\/pood.moe.ee\/?post_type=product&#038;p=4565"},"modified":"2023-09-11T07:57:53","modified_gmt":"2023-09-11T04:57:53","slug":"cognac-park-borderies-single-vineyard","status":"publish","type":"product","link":"https:\/\/pood-moe.dev.almic.ee\/en\/shop\/kangealkohol\/konjak\/cognac-park-borderies-single-vineyard\/","title":{"rendered":"Cognac PARK Borderies Single Vineyard"},"content":{"rendered":"","protected":false},"excerpt":{"rendered":"<p>Cognac PARK Borderies Single Vineyard<\/p>\n<p>Konjak, mille l\u00f5ppviimistluses v\u00f5ib kohata elegantsust ja Borderie piirkonnale omast \u00fcmarust k\u00e4sik\u00e4es meeldivate floraalsete nootidega.<br \/>\nOma k\u00fcpsemise alguses veedab konjak 10 kuud uutes tammevaatides. Seej\u00e4rel omandab konjak oma k\u00fcpsuse kasutatud tammevaatides kus ta omandab meeldivaid viigimarjade,sarapuu p\u00e4hklite, kaneeli ja kohviseid n\u00fcansse. Viinamrjasordiks 100% Ugni Blanc.<br \/>\nTootja: Distillerie Tessendier&amp;Fils<br \/>\nM\u00f5ni tore fakt:<br \/>\nCognac kuuest piirkonnast k\u00f5ige eksklusiivsem kasvupiirkonnast Borderie terroir annab eau de vie -le meeldivat \u00fcmarust ja aromaatsust.<br \/>\nOlles eelnevalt viinamarja kasvataja nooblis Cognaci piirkonnas Borderie soovis asutaja Gaston Tessendier silma paista ka parimate eaux \u2013 de viede loomisega.<br \/>\nToode on p\u00e4rjatud erinevate auhindadega maailma juhtivatel joogi v\u00f5istlustel.<br \/>\n<a href=\"https:\/\/www.cognac-park.com\/en\/page\/18\/park-borderies\" target=\"_blank\" rel=\"noopener\">https:\/\/www.cognac-park.com\/en\/page\/18\/park-borderies<\/a><\/p>\n","protected":false},"featured_media":5671,"template":"","meta":[],"product_cat":[410,41],"product_tag":[],"acf":[],"_links":{"self":[{"href":"https:\/\/pood-moe.dev.almic.ee\/en\/wp-json\/wp\/v2\/product\/4565"}],"collection":[{"href":"https:\/\/pood-moe.dev.almic.ee\/en\/wp-json\/wp\/v2\/product"}],"about":[{"href":"https:\/\/pood-moe.dev.almic.ee\/en\/wp-json\/wp\/v2\/types\/product"}],"wp:featuredmedia":[{"embeddable":true,"href":"https:\/\/pood-moe.dev.almic.ee\/en\/wp-json\/wp\/v2\/media\/5671"}],"wp:attachment":[{"href":"https:\/\/pood-moe.dev.almic.ee\/en\/wp-json\/wp\/v2\/media?parent=4565"}],"wp:term":[{"taxonomy":"product_cat","embeddable":true,"href":"https:\/\/pood-moe.dev.almic.ee\/en\/wp-json\/wp\/v2\/product_cat?post=4565"},{"taxonomy":"product_tag","embeddable":true,"href":"https:\/\/pood-moe.dev.almic.ee\/en\/wp-json\/wp\/v2\/product_tag?post=4565"}],"curies":[{"name":"wp","href":"https:\/\/api.w.org\/{rel}","templated":true}]}}