{"id":4661,"date":"2022-11-26T12:43:47","date_gmt":"2022-11-26T10:43:47","guid":{"rendered":"https:\/\/pood.moe.ee\/?post_type=product&#038;p=4661"},"modified":"2023-09-11T07:57:52","modified_gmt":"2023-09-11T04:57:52","slug":"kinkekomplekt-handsa","status":"publish","type":"product","link":"https:\/\/pood-moe.dev.almic.ee\/en\/shop\/kingitused\/kinkekomplekt\/kinkekomplekt-handsa\/","title":{"rendered":"Kinkekomplekt &#8211; Handsa"},"content":{"rendered":"","protected":false},"excerpt":{"rendered":"<p>Maitsekas kinkekarbis:<br \/>\n20cl Handsa Vasktiigli 40%<br \/>\n20cl Handsa H\u00f5betiigli 50%<br \/>\nSokid (puuvill), suurus 41-44, v\u00e4rvus oran\u017e<\/p>\n<p>Kinkekomplektide puhul pakume tarnev\u00f5imalustest vaid meie enda autojuhiga k\u00e4ttetoimetamist. V\u00f5imalik on ka ise j\u00e4rele tulla.<br \/>\n&#8211; Kohaletoimetamine (al 5 pakist): Tallinnas ja Tallinna l\u00e4hi\u00fcmbruses (Viimsi, Maardu, J\u00f5el\u00e4htme, Harku, Saue, Saku, Kiili ja Rae valdades),\u00a0 Tapal vallas ja selle l\u00e4hi\u00fcmbruses (Rakvere ja Kadrina vallad).<br \/>\n&#8211; Hulgitellimuste puhul (al 15 pakist) saame kauba teieni Harju, L\u00e4\u00e4ne-Virumaa ja P\u00e4rnu maakondades! Hulgitellimuste puhul pakume ka soodustusi ja v\u00f5imalust komplekteerida personaalne pakk. P\u00e4ringud palume saata\u00a0<a href=\"mailto:pood@moe.ee\">pood@moe.ee<\/a>.<\/p>\n<p>&#8211; Kui soovite ise j\u00e4rele tulla, siis meie kontorid asuvad: Tallinna Esinduskauplus TULEVIKU TEE 12, Tallinn-Tartu mnt. \u00e4\u00e4res, J\u00fcri aleviku alguses ja Moe Peenviinavabrikus (T\u00f6\u00f6stuse, Moe k\u00fcla, Tapa vald).<\/p>\n<p>Palun edastage oma soov seoses kinkepakkidega otse <a href=\"https:\/\/pood.moe.ee\/kontakt\/\" target=\"_blank\" rel=\"noopener\"><span style=\"text-decoration: underline;\">emaili, telefoni v\u00f5i kontakti vormi kaudu<\/span><\/a>.<\/p>\n","protected":false},"featured_media":5755,"template":"","meta":[],"product_cat":[43,428],"product_tag":[],"acf":[],"_links":{"self":[{"href":"https:\/\/pood-moe.dev.almic.ee\/en\/wp-json\/wp\/v2\/product\/4661"}],"collection":[{"href":"https:\/\/pood-moe.dev.almic.ee\/en\/wp-json\/wp\/v2\/product"}],"about":[{"href":"https:\/\/pood-moe.dev.almic.ee\/en\/wp-json\/wp\/v2\/types\/product"}],"wp:featuredmedia":[{"embeddable":true,"href":"https:\/\/pood-moe.dev.almic.ee\/en\/wp-json\/wp\/v2\/media\/5755"}],"wp:attachment":[{"href":"https:\/\/pood-moe.dev.almic.ee\/en\/wp-json\/wp\/v2\/media?parent=4661"}],"wp:term":[{"taxonomy":"product_cat","embeddable":true,"href":"https:\/\/pood-moe.dev.almic.ee\/en\/wp-json\/wp\/v2\/product_cat?post=4661"},{"taxonomy":"product_tag","embeddable":true,"href":"https:\/\/pood-moe.dev.almic.ee\/en\/wp-json\/wp\/v2\/product_tag?post=4661"}],"curies":[{"name":"wp","href":"https:\/\/api.w.org\/{rel}","templated":true}]}}