{"id":4737,"date":"2022-12-15T07:57:55","date_gmt":"2022-12-15T05:57:55","guid":{"rendered":"https:\/\/pood.moe.ee\/?post_type=product&#038;p=4737"},"modified":"2023-09-11T07:57:51","modified_gmt":"2023-09-11T04:57:51","slug":"champagne-bernard-remy-prestige","status":"publish","type":"product","link":"https:\/\/pood-moe.dev.almic.ee\/en\/shop\/prosecco\/sampanja\/champagne-bernard-remy-prestige\/","title":{"rendered":"Champagne Bernard Remy Prestige"},"content":{"rendered":"","protected":false},"excerpt":{"rendered":"<p>Champagne Bernard Remy Prestige<\/p>\n<p>Piirkond: Champagne\/ Prantsusmaa<br \/>\nMillest tehtud: \u0160ampanja on valmistatud j\u00e4rgmistest viinamarjasortidest: 60% Chardonnay, 30% Pinot Noir, 10% Pinot Meunier (neist 90% on nn. reserve wines). Pudelis k\u00fcpsemine p\u00e4rmisettel veinikeldris on toimunud 60 kuu v\u00e4ltel.<br \/>\nPudel on r\u00fc\u00fctatud kaunisse kuldsesse r\u00fc\u00fcsse.<br \/>\nKompleksne ja heas tasakaalus cuvee, milles m\u00e4nglemas brioche ja r\u00f6stitud p\u00e4hklid. Maitses \u00fcmar ja \u00f5rndomineeriva puuviljasusega.<br \/>\nTootja: Champagne Bernard Remy<br \/>\nM\u00f5ni tore fakt: Prantsusmaa siseturul deb\u00fcteeris Bernard Remy juba 1970 \u2013 te aastate algus aastatel suurep\u00e4raste arvustuste saatel. Aasta aastalt kasvades ulatuvad valdused t\u00e4nap\u00e4eval 14 ha \u2013 ni, h\u00f5lmates kasvualasid Cote de Sezannes, Valle\u2019e de la Marnes (Pinot Meunier) ja ka Aubes (Pinot Noir).<\/p>\n","protected":false},"featured_media":5271,"template":"","meta":[],"product_cat":[414,98],"product_tag":[],"acf":[],"_links":{"self":[{"href":"https:\/\/pood-moe.dev.almic.ee\/en\/wp-json\/wp\/v2\/product\/4737"}],"collection":[{"href":"https:\/\/pood-moe.dev.almic.ee\/en\/wp-json\/wp\/v2\/product"}],"about":[{"href":"https:\/\/pood-moe.dev.almic.ee\/en\/wp-json\/wp\/v2\/types\/product"}],"wp:featuredmedia":[{"embeddable":true,"href":"https:\/\/pood-moe.dev.almic.ee\/en\/wp-json\/wp\/v2\/media\/5271"}],"wp:attachment":[{"href":"https:\/\/pood-moe.dev.almic.ee\/en\/wp-json\/wp\/v2\/media?parent=4737"}],"wp:term":[{"taxonomy":"product_cat","embeddable":true,"href":"https:\/\/pood-moe.dev.almic.ee\/en\/wp-json\/wp\/v2\/product_cat?post=4737"},{"taxonomy":"product_tag","embeddable":true,"href":"https:\/\/pood-moe.dev.almic.ee\/en\/wp-json\/wp\/v2\/product_tag?post=4737"}],"curies":[{"name":"wp","href":"https:\/\/api.w.org\/{rel}","templated":true}]}}