{"id":4748,"date":"2022-12-15T08:28:49","date_gmt":"2022-12-15T06:28:49","guid":{"rendered":"https:\/\/pood.moe.ee\/?post_type=product&#038;p=4748"},"modified":"2023-09-11T07:57:51","modified_gmt":"2023-09-11T04:57:51","slug":"champagne-bernard-remy-blanc-de-blancs","status":"publish","type":"product","link":"https:\/\/pood-moe.dev.almic.ee\/en\/shop\/prosecco\/sampanja\/champagne-bernard-remy-blanc-de-blancs\/","title":{"rendered":"Champagne Bernard Remy Blanc de Blancs"},"content":{"rendered":"","protected":false},"excerpt":{"rendered":"<p>Champagne Bernard Remy Blanc de Blancs<\/p>\n<p>Piirkond: Champagne \/ Prantsusmaa<br \/>\nMillest tehtud: \u0160ampanja on valmistatud 100% Chardonnay viinamarjasordist. P\u00e4rmisettel arendatud 36 kuud.<br \/>\nS\u00e4rav ja s\u00fcgav heleroheliste toonidega kaunis sampanja, mis aroomilt on v\u00e4rske ja aromaatne. Maitses domineerimas s\u00e4rtsakad tsitruselised k\u00e4sik\u00e4es v\u00e4rske \u00f5una ja koos briochelikke n\u00fcanssidega.<br \/>\nTootja: Champagne Bernard Remy<br \/>\nM\u00f5ni tore fakt: T\u00f5usva \u0161ampanjakultuuri taustal saavad tuntud kaubama\u00e4rkide taustal \u00fcha enam ka tunnustust v\u00e4ikesed sampanjamajad. Champagne Bernard Remy asutati 1968 aastal Cote de Blancsi s\u00fcdames Allemanti k\u00fclas.<\/p>\n","protected":false},"featured_media":5297,"template":"","meta":[],"product_cat":[414,98],"product_tag":[],"acf":[],"_links":{"self":[{"href":"https:\/\/pood-moe.dev.almic.ee\/en\/wp-json\/wp\/v2\/product\/4748"}],"collection":[{"href":"https:\/\/pood-moe.dev.almic.ee\/en\/wp-json\/wp\/v2\/product"}],"about":[{"href":"https:\/\/pood-moe.dev.almic.ee\/en\/wp-json\/wp\/v2\/types\/product"}],"wp:featuredmedia":[{"embeddable":true,"href":"https:\/\/pood-moe.dev.almic.ee\/en\/wp-json\/wp\/v2\/media\/5297"}],"wp:attachment":[{"href":"https:\/\/pood-moe.dev.almic.ee\/en\/wp-json\/wp\/v2\/media?parent=4748"}],"wp:term":[{"taxonomy":"product_cat","embeddable":true,"href":"https:\/\/pood-moe.dev.almic.ee\/en\/wp-json\/wp\/v2\/product_cat?post=4748"},{"taxonomy":"product_tag","embeddable":true,"href":"https:\/\/pood-moe.dev.almic.ee\/en\/wp-json\/wp\/v2\/product_tag?post=4748"}],"curies":[{"name":"wp","href":"https:\/\/api.w.org\/{rel}","templated":true}]}}