{"id":4751,"date":"2022-12-15T08:36:36","date_gmt":"2022-12-15T06:36:36","guid":{"rendered":"https:\/\/pood.moe.ee\/?post_type=product&#038;p=4751"},"modified":"2023-09-11T07:57:50","modified_gmt":"2023-09-11T04:57:50","slug":"champagne-bernard-remy-blanc-de-noirs","status":"publish","type":"product","link":"https:\/\/pood-moe.dev.almic.ee\/en\/shop\/prosecco\/sampanja\/champagne-bernard-remy-blanc-de-noirs\/","title":{"rendered":"Champagne Bernard Remy Blanc de Noirs"},"content":{"rendered":"","protected":false},"excerpt":{"rendered":"<p>Champagne Bernard Remy Blanc de Noirs<\/p>\n<p>Piirkond: Champagne \/ Prantsusmaa<br \/>\nMillest tehtud: \u0160ampanja on valmistatud 100% Pinot Noirist ja on k\u00fcpsenud pudelis p\u00e4rmisettel ca 18 kuud.<br \/>\nHea struktuuriga v\u00f5rgutav Methode champenoise valmistatud vahuvein, mille iseloomus \u00fchilduvad m\u00e4nglevalt mitmetahuline karakter ja pikk ning elegantne j\u00e4relmaitse.<br \/>\nTootja: Champagne Bernard Remy<br \/>\nM\u00f5ni tore fakt: Bernard Remy \u0161ampanjamajas t\u00f6\u00f6tavad k\u00e4sik\u00e4es kaks p\u00f5lvkonda &#8211; isa (Bernard Remy) ja poeg Rudy Remy.<\/p>\n","protected":false},"featured_media":5293,"template":"","meta":[],"product_cat":[414,98],"product_tag":[],"acf":[],"_links":{"self":[{"href":"https:\/\/pood-moe.dev.almic.ee\/en\/wp-json\/wp\/v2\/product\/4751"}],"collection":[{"href":"https:\/\/pood-moe.dev.almic.ee\/en\/wp-json\/wp\/v2\/product"}],"about":[{"href":"https:\/\/pood-moe.dev.almic.ee\/en\/wp-json\/wp\/v2\/types\/product"}],"wp:featuredmedia":[{"embeddable":true,"href":"https:\/\/pood-moe.dev.almic.ee\/en\/wp-json\/wp\/v2\/media\/5293"}],"wp:attachment":[{"href":"https:\/\/pood-moe.dev.almic.ee\/en\/wp-json\/wp\/v2\/media?parent=4751"}],"wp:term":[{"taxonomy":"product_cat","embeddable":true,"href":"https:\/\/pood-moe.dev.almic.ee\/en\/wp-json\/wp\/v2\/product_cat?post=4751"},{"taxonomy":"product_tag","embeddable":true,"href":"https:\/\/pood-moe.dev.almic.ee\/en\/wp-json\/wp\/v2\/product_tag?post=4751"}],"curies":[{"name":"wp","href":"https:\/\/api.w.org\/{rel}","templated":true}]}}