{"id":4754,"date":"2022-12-15T08:38:42","date_gmt":"2022-12-15T06:38:42","guid":{"rendered":"https:\/\/pood.moe.ee\/?post_type=product&#038;p=4754"},"modified":"2023-09-11T07:57:50","modified_gmt":"2023-09-11T04:57:50","slug":"champagne-bernard-remy-brut-rose","status":"publish","type":"product","link":"https:\/\/pood-moe.dev.almic.ee\/en\/shop\/prosecco\/sampanja\/champagne-bernard-remy-brut-rose\/","title":{"rendered":"Champagne Bernard Remy Brut Rose"},"content":{"rendered":"","protected":false},"excerpt":{"rendered":"<p>Champagne Bernard Remy Brut Rose<\/p>\n<p><strong>Piirkond<\/strong>: Champagne \/ Prantsusmaa<br \/>\n<strong>Millest tehtud<\/strong>: 60% Pinot Noir, 35%Chardonnay, 5%Meunier, toonitud 8% Bouzy Rougega \u2013 Champagne piirkonna punane vein. \u0160ampanja on k\u00fcpsenud pudelis p\u00e4rmisettel 24 kuud.<br \/>\nBernard Remy Brut Rose Champagne on aroomis ja maitses elegantne ja k\u00fcpsete punaste marjade iseloomuga.<br \/>\n<strong>Tootja<\/strong>: Champagne Bernard Remy<br \/>\n<strong>M\u00f5ni tore fakt<\/strong>: Prantsusmaa siseturul deb\u00fcteeris Bernard Remy juba 1970 \u2013 te aastate algus aastatel suurep\u00e4raste arvustuste saatel. Aasta aastalt kasvades ulatuvad valdused t\u00e4nap\u00e4eval 14 ha \u2013 ni, h\u00f5lmates kasvualasid Cote de Sezannes, Valle\u2019e de la Marnes (Pinot Meunier) ja ka Aubes (Pinot Noir).<\/p>\n","protected":false},"featured_media":5291,"template":"","meta":[],"product_cat":[414,98],"product_tag":[],"acf":[],"_links":{"self":[{"href":"https:\/\/pood-moe.dev.almic.ee\/en\/wp-json\/wp\/v2\/product\/4754"}],"collection":[{"href":"https:\/\/pood-moe.dev.almic.ee\/en\/wp-json\/wp\/v2\/product"}],"about":[{"href":"https:\/\/pood-moe.dev.almic.ee\/en\/wp-json\/wp\/v2\/types\/product"}],"wp:featuredmedia":[{"embeddable":true,"href":"https:\/\/pood-moe.dev.almic.ee\/en\/wp-json\/wp\/v2\/media\/5291"}],"wp:attachment":[{"href":"https:\/\/pood-moe.dev.almic.ee\/en\/wp-json\/wp\/v2\/media?parent=4754"}],"wp:term":[{"taxonomy":"product_cat","embeddable":true,"href":"https:\/\/pood-moe.dev.almic.ee\/en\/wp-json\/wp\/v2\/product_cat?post=4754"},{"taxonomy":"product_tag","embeddable":true,"href":"https:\/\/pood-moe.dev.almic.ee\/en\/wp-json\/wp\/v2\/product_tag?post=4754"}],"curies":[{"name":"wp","href":"https:\/\/api.w.org\/{rel}","templated":true}]}}