{"id":4757,"date":"2022-12-15T08:46:52","date_gmt":"2022-12-15T06:46:52","guid":{"rendered":"https:\/\/pood.moe.ee\/?post_type=product&#038;p=4757"},"modified":"2023-09-11T07:57:50","modified_gmt":"2023-09-11T04:57:50","slug":"champagne-bernard-remy-carte-blanche","status":"publish","type":"product","link":"https:\/\/pood-moe.dev.almic.ee\/en\/shop\/prosecco\/sampanja\/champagne-bernard-remy-carte-blanche\/","title":{"rendered":"Champagne Bernard Remy Carte Blanche"},"content":{"rendered":"","protected":false},"excerpt":{"rendered":"<p>Champagne Bernard Remy Carte Blanche<\/p>\n<p>Valge kaardi Sampanja<br \/>\n<strong>Piirkond<\/strong>: Champagne \/ Prantsusmaa<br \/>\nKaunis s\u00e4delevas kleidis v\u00e4ljendusrikas cuvee, mille aroomis tuntavad mesised, lillelised aroomin\u00fcansid. Joogi \u00f5rnalt puuviljane ja s\u00e4rtsakas suutunnetus l\u00f5peb v\u00e4ljendusrikka ja viimisteletud l\u00f5ppmaitsega. Ergas mullikogumik moodustamas \u00f5rna ja p\u00fcsiva vahu. \u0160ampanja, mille koostisse kuulub 60% Pinot Noir, 35% Chardonnay ja 5% Meunier nimelisi viinamarjasorte. Pudelis p\u00e4rmisettel arendatud 36 kuud.<br \/>\n<strong>Tootja<\/strong>: Champagne Bernard Remy<br \/>\n<strong>M\u00f5ni tore fakt<\/strong>: T\u00f5usva \u0161ampanjakultuuri taustal saavad tuntud kaubama\u00e4rkide taustal \u00fcha enam ka tunnustust v\u00e4ikesed sampanjamajad. Champagne Bernard Remy asutati 1968 aastal Cote de Blancsi s\u00fcdames Allemanti k\u00fclas.<\/p>\n","protected":false},"featured_media":5279,"template":"","meta":[],"product_cat":[414,98],"product_tag":[],"acf":[],"_links":{"self":[{"href":"https:\/\/pood-moe.dev.almic.ee\/en\/wp-json\/wp\/v2\/product\/4757"}],"collection":[{"href":"https:\/\/pood-moe.dev.almic.ee\/en\/wp-json\/wp\/v2\/product"}],"about":[{"href":"https:\/\/pood-moe.dev.almic.ee\/en\/wp-json\/wp\/v2\/types\/product"}],"wp:featuredmedia":[{"embeddable":true,"href":"https:\/\/pood-moe.dev.almic.ee\/en\/wp-json\/wp\/v2\/media\/5279"}],"wp:attachment":[{"href":"https:\/\/pood-moe.dev.almic.ee\/en\/wp-json\/wp\/v2\/media?parent=4757"}],"wp:term":[{"taxonomy":"product_cat","embeddable":true,"href":"https:\/\/pood-moe.dev.almic.ee\/en\/wp-json\/wp\/v2\/product_cat?post=4757"},{"taxonomy":"product_tag","embeddable":true,"href":"https:\/\/pood-moe.dev.almic.ee\/en\/wp-json\/wp\/v2\/product_tag?post=4757"}],"curies":[{"name":"wp","href":"https:\/\/api.w.org\/{rel}","templated":true}]}}