{"id":4767,"date":"2022-12-15T08:52:02","date_gmt":"2022-12-15T06:52:02","guid":{"rendered":"https:\/\/pood.moe.ee\/?post_type=product&#038;p=4767"},"modified":"2023-09-11T07:57:49","modified_gmt":"2023-09-11T04:57:49","slug":"champagne-bernard-remy-millesime-brut-2016","status":"publish","type":"product","link":"https:\/\/pood-moe.dev.almic.ee\/en\/shop\/prosecco\/sampanja\/champagne-bernard-remy-millesime-brut-2016\/","title":{"rendered":"Champagne Bernard Remy Mill\u00e9sime Brut 2016"},"content":{"rendered":"","protected":false},"excerpt":{"rendered":"<p>Champagne Bernard Remy Mill\u00e9sime Brut 2016<\/p>\n<p>Piirkond: Champagne\/ Prantsusmaa<br \/>\nMillest tehtud: Savi ja lubjakivisel pinnasel kasvanud viinamarjad, kus on 70% ulatuses Chardonnay ja 30% ulatuses Pinot Noir marju. Aia suurus 1 ha ja viinapuude keskmine vanus 25 aastat.<br \/>\nVintage sampanja, mis on valmistatud 2016 aasta korjest.<br \/>\nTootja: Champagne Bernard Remy<br \/>\nM\u00f5ni tore fakt: T\u00f5usva \u0161ampanjakultuuri taustal saavad tuntud kaubama\u00e4rkide taustal \u00fcha enam ka tunnustust v\u00e4ikesed sampanjamajad. Champagne Bernard Remy asutati 1968 aastal Cote de Blancsi s\u00fcdames Allemanti k\u00fclas.<\/p>\n","protected":false},"featured_media":5275,"template":"","meta":[],"product_cat":[414,98],"product_tag":[],"acf":[],"_links":{"self":[{"href":"https:\/\/pood-moe.dev.almic.ee\/en\/wp-json\/wp\/v2\/product\/4767"}],"collection":[{"href":"https:\/\/pood-moe.dev.almic.ee\/en\/wp-json\/wp\/v2\/product"}],"about":[{"href":"https:\/\/pood-moe.dev.almic.ee\/en\/wp-json\/wp\/v2\/types\/product"}],"wp:featuredmedia":[{"embeddable":true,"href":"https:\/\/pood-moe.dev.almic.ee\/en\/wp-json\/wp\/v2\/media\/5275"}],"wp:attachment":[{"href":"https:\/\/pood-moe.dev.almic.ee\/en\/wp-json\/wp\/v2\/media?parent=4767"}],"wp:term":[{"taxonomy":"product_cat","embeddable":true,"href":"https:\/\/pood-moe.dev.almic.ee\/en\/wp-json\/wp\/v2\/product_cat?post=4767"},{"taxonomy":"product_tag","embeddable":true,"href":"https:\/\/pood-moe.dev.almic.ee\/en\/wp-json\/wp\/v2\/product_tag?post=4767"}],"curies":[{"name":"wp","href":"https:\/\/api.w.org\/{rel}","templated":true}]}}