{"id":4770,"date":"2022-12-15T09:32:10","date_gmt":"2022-12-15T07:32:10","guid":{"rendered":"https:\/\/pood.moe.ee\/?post_type=product&#038;p=4770"},"modified":"2023-09-11T07:57:49","modified_gmt":"2023-09-11T04:57:49","slug":"saison-rum-sherry-cask","status":"publish","type":"product","link":"https:\/\/pood-moe.dev.almic.ee\/en\/shop\/kangealkohol\/rumm\/saison-rum-sherry-cask\/","title":{"rendered":"Saison Rum Sherry Cask"},"content":{"rendered":"","protected":false},"excerpt":{"rendered":"<p>Saison Rum Sherry Cask<\/p>\n<p>Piirkond: 40% Barbados \/ 60 % Trinidad<br \/>\nRumm, mis on k\u00fcpsenud bourboni vaatides 5 aastat oma p\u00e4ritolu maal. Sarnaselt konjakile kasutab Viimase lihvi saab rumm puhates Charentesi j\u00f5e kaldal 3 kuu v\u00e4ltel vaatides, milles varem on arendatud Jerez \u2013 Pedro Ximenes. Selle tulemusena arenevad rummis v\u00e4lja elegantsed ja delikaatsed puuviljased n\u00fcansid.<br \/>\nTootja: Distillerie Tessendier&amp;Fils<br \/>\nSaadaval : 50 ml \/ 700 ml<br \/>\nM\u00f5ni tore fakt: Toode on v\u00f5itnud mainekaid auhindu\/ medaleid kange alkoholi v\u00f5istlustelt.<br \/>\n<a href=\"https:\/\/www.rum-saison.com\/en\/page\/13\/saison-rum-sherry-cask\" target=\"_blank\" rel=\"noopener\">https:\/\/www.rum-saison.com\/en\/page\/13\/saison-rum-sherry-cask<\/a><\/p>\n","protected":false},"featured_media":5751,"template":"","meta":[],"product_cat":[41,420],"product_tag":[],"acf":[],"_links":{"self":[{"href":"https:\/\/pood-moe.dev.almic.ee\/en\/wp-json\/wp\/v2\/product\/4770"}],"collection":[{"href":"https:\/\/pood-moe.dev.almic.ee\/en\/wp-json\/wp\/v2\/product"}],"about":[{"href":"https:\/\/pood-moe.dev.almic.ee\/en\/wp-json\/wp\/v2\/types\/product"}],"wp:featuredmedia":[{"embeddable":true,"href":"https:\/\/pood-moe.dev.almic.ee\/en\/wp-json\/wp\/v2\/media\/5751"}],"wp:attachment":[{"href":"https:\/\/pood-moe.dev.almic.ee\/en\/wp-json\/wp\/v2\/media?parent=4770"}],"wp:term":[{"taxonomy":"product_cat","embeddable":true,"href":"https:\/\/pood-moe.dev.almic.ee\/en\/wp-json\/wp\/v2\/product_cat?post=4770"},{"taxonomy":"product_tag","embeddable":true,"href":"https:\/\/pood-moe.dev.almic.ee\/en\/wp-json\/wp\/v2\/product_tag?post=4770"}],"curies":[{"name":"wp","href":"https:\/\/api.w.org\/{rel}","templated":true}]}}