{"id":4784,"date":"2022-12-15T10:27:28","date_gmt":"2022-12-15T08:27:28","guid":{"rendered":"https:\/\/pood.moe.ee\/?post_type=product&#038;p=4784"},"modified":"2023-09-11T07:57:48","modified_gmt":"2023-09-11T04:57:48","slug":"saison-rum-reserve","status":"publish","type":"product","link":"https:\/\/pood-moe.dev.almic.ee\/en\/shop\/kangealkohol\/rumm\/saison-rum-reserve\/","title":{"rendered":"Saison Rum Reserve"},"content":{"rendered":"","protected":false},"excerpt":{"rendered":"<p>Saison Rum Reserve<\/p>\n<p>Piirkond: 30% Barbados \/ 65% Trinidad \/ 5% Jamaica<br \/>\nArendatud p\u00e4ritoluriigis kuni 8 aastat uues ameerika tamme vaadis. J\u00e4relk\u00fcpsemine toimub eraldi 50 konjaki poolt kasutatud Prantsuse tamme vaadis 12 kuu v\u00e4ltel Charentesi j\u00f5e kaldal asuvas konjakimaja keldris andmaks igale rummivaadile isikup\u00e4rase maitseprofiili. Sellest tulenevalt on keldrimeistril v\u00f5imalik segada kokku aromaatne ja kompleksne maitsepalett loomaks v\u00f5imas ja ainulaadne rumm.<br \/>\nTootja: Distillerie Tessendier&amp;Fils<br \/>\nSaadaval : 50 ml \/ 700 ml<br \/>\nM\u00f5ni tore fakt: \u00c4ram\u00e4rkimised pimedegustatsioonidelt ja medalid erinevatelt kange alkoholi hindamiseks loodud v\u00f5istlustelt.<br \/>\n<a href=\"https:\/\/www.rum-saison.com\/en\/page\/9\/saison-reserve\" target=\"_blank\" rel=\"noopener\">https:\/\/www.rum-saison.com\/en\/page\/9\/saison-reserve<\/a><\/p>\n","protected":false},"featured_media":5747,"template":"","meta":[],"product_cat":[41,420],"product_tag":[],"acf":[],"_links":{"self":[{"href":"https:\/\/pood-moe.dev.almic.ee\/en\/wp-json\/wp\/v2\/product\/4784"}],"collection":[{"href":"https:\/\/pood-moe.dev.almic.ee\/en\/wp-json\/wp\/v2\/product"}],"about":[{"href":"https:\/\/pood-moe.dev.almic.ee\/en\/wp-json\/wp\/v2\/types\/product"}],"wp:featuredmedia":[{"embeddable":true,"href":"https:\/\/pood-moe.dev.almic.ee\/en\/wp-json\/wp\/v2\/media\/5747"}],"wp:attachment":[{"href":"https:\/\/pood-moe.dev.almic.ee\/en\/wp-json\/wp\/v2\/media?parent=4784"}],"wp:term":[{"taxonomy":"product_cat","embeddable":true,"href":"https:\/\/pood-moe.dev.almic.ee\/en\/wp-json\/wp\/v2\/product_cat?post=4784"},{"taxonomy":"product_tag","embeddable":true,"href":"https:\/\/pood-moe.dev.almic.ee\/en\/wp-json\/wp\/v2\/product_tag?post=4784"}],"curies":[{"name":"wp","href":"https:\/\/api.w.org\/{rel}","templated":true}]}}