{"id":4794,"date":"2022-12-15T10:32:11","date_gmt":"2022-12-15T08:32:11","guid":{"rendered":"https:\/\/pood.moe.ee\/?post_type=product&#038;p=4794"},"modified":"2023-09-11T07:57:48","modified_gmt":"2023-09-11T04:57:48","slug":"saison-pale-rum","status":"publish","type":"product","link":"https:\/\/pood-moe.dev.almic.ee\/en\/shop\/kangealkohol\/rumm\/saison-pale-rum\/","title":{"rendered":"Saison Pale Rum"},"content":{"rendered":"","protected":false},"excerpt":{"rendered":"<p>Saison Pale Rum<\/p>\n<p>Piirkond: 45% Barbados \/ 35% Trinidad \/ 20% Jamaica<br \/>\nArendamata rumm, mis on valminud kombineerides kahte traditsioonilist rummi valmistusmeetodit. Sarnaselt konjakile kasutab keldri meister Jerome Tessendier ka rummi puhul erinevat p\u00e4ritolu rummide segamist, et saavutada rikkalikum ja aromaatsem profiil. Viimase lihvi saab rumm puhates prantsuse tamme vaatides 3 kuu v\u00e4ltel rikastades v\u00e4rsket ja aromaatset segu \u00fcmarate puiduste n\u00fcanssidega.<br \/>\nTootja: Distillerie Tessendier&amp;Fils<br \/>\nM\u00f5ni tore fakt: Silver \/H\u00f5be\/ medal San Fransisco spirits Competition<br \/>\n<a href=\"https:\/\/www.rum-saison.com\/en\/page\/10\/saison-pale\" target=\"_blank\" rel=\"noopener\">https:\/\/www.rum-saison.com\/en\/page\/10\/saison-pale<\/a><\/p>\n","protected":false},"featured_media":5743,"template":"","meta":[],"product_cat":[41,420],"product_tag":[],"acf":[],"_links":{"self":[{"href":"https:\/\/pood-moe.dev.almic.ee\/en\/wp-json\/wp\/v2\/product\/4794"}],"collection":[{"href":"https:\/\/pood-moe.dev.almic.ee\/en\/wp-json\/wp\/v2\/product"}],"about":[{"href":"https:\/\/pood-moe.dev.almic.ee\/en\/wp-json\/wp\/v2\/types\/product"}],"wp:featuredmedia":[{"embeddable":true,"href":"https:\/\/pood-moe.dev.almic.ee\/en\/wp-json\/wp\/v2\/media\/5743"}],"wp:attachment":[{"href":"https:\/\/pood-moe.dev.almic.ee\/en\/wp-json\/wp\/v2\/media?parent=4794"}],"wp:term":[{"taxonomy":"product_cat","embeddable":true,"href":"https:\/\/pood-moe.dev.almic.ee\/en\/wp-json\/wp\/v2\/product_cat?post=4794"},{"taxonomy":"product_tag","embeddable":true,"href":"https:\/\/pood-moe.dev.almic.ee\/en\/wp-json\/wp\/v2\/product_tag?post=4794"}],"curies":[{"name":"wp","href":"https:\/\/api.w.org\/{rel}","templated":true}]}}