{"id":4797,"date":"2022-12-15T10:38:14","date_gmt":"2022-12-15T08:38:14","guid":{"rendered":"https:\/\/pood.moe.ee\/?post_type=product&#038;p=4797"},"modified":"2023-09-11T07:57:48","modified_gmt":"2023-09-11T04:57:48","slug":"saison-original-rum","status":"publish","type":"product","link":"https:\/\/pood-moe.dev.almic.ee\/en\/shop\/kangealkohol\/rumm\/saison-original-rum\/","title":{"rendered":"Saison Original Rum"},"content":{"rendered":"","protected":false},"excerpt":{"rendered":"<p>Saison Original Rum<\/p>\n<p>Piirkond: 20% Barbados \/ 60% Trinidad \/ 20% Jamaica<br \/>\nArendatud p\u00e4ritolumaal kuni 5 aastat uutes ameerika tamme vaatides. Sarnaselt konjakile kasutab keldri meister Jerome Tessendier ka rummi puhul erinevat p\u00e4ritolu rummide segamist, et saavutada rikkalikum ja aromaatsem profiil. Viimase lihvi saab rumm puhates prantsuse tamme vaatides 9 kuu v\u00e4ltel rikastades rummi vanadele konjakitele sarnaste elegantsete n\u00fcanssidega.<br \/>\nTootja: Distillerie Tessendier&amp;Fils<br \/>\nSaadaval : 50 ml \/ 700 ml<br \/>\nM\u00f5ni tore fakt: Toode on v\u00f5itnud erinevaid auhindu paljudelt rahvusvahelistelt joogi v\u00f5istlustelt.<br \/>\n<a href=\"https:\/\/www.rum-saison.com\/en\/page\/6\/saison-rum-original\" target=\"_blank\" rel=\"noopener\">https:\/\/www.rum-saison.com\/en\/page\/6\/saison-rum-original<\/a><\/p>\n","protected":false},"featured_media":5739,"template":"","meta":[],"product_cat":[41,420],"product_tag":[],"acf":[],"_links":{"self":[{"href":"https:\/\/pood-moe.dev.almic.ee\/en\/wp-json\/wp\/v2\/product\/4797"}],"collection":[{"href":"https:\/\/pood-moe.dev.almic.ee\/en\/wp-json\/wp\/v2\/product"}],"about":[{"href":"https:\/\/pood-moe.dev.almic.ee\/en\/wp-json\/wp\/v2\/types\/product"}],"wp:featuredmedia":[{"embeddable":true,"href":"https:\/\/pood-moe.dev.almic.ee\/en\/wp-json\/wp\/v2\/media\/5739"}],"wp:attachment":[{"href":"https:\/\/pood-moe.dev.almic.ee\/en\/wp-json\/wp\/v2\/media?parent=4797"}],"wp:term":[{"taxonomy":"product_cat","embeddable":true,"href":"https:\/\/pood-moe.dev.almic.ee\/en\/wp-json\/wp\/v2\/product_cat?post=4797"},{"taxonomy":"product_tag","embeddable":true,"href":"https:\/\/pood-moe.dev.almic.ee\/en\/wp-json\/wp\/v2\/product_tag?post=4797"}],"curies":[{"name":"wp","href":"https:\/\/api.w.org\/{rel}","templated":true}]}}