{"id":4828,"date":"2022-12-19T09:07:06","date_gmt":"2022-12-19T07:07:06","guid":{"rendered":"https:\/\/pood.moe.ee\/?post_type=product&#038;p=4828"},"modified":"2023-09-11T07:57:47","modified_gmt":"2023-09-11T04:57:47","slug":"kinkekomplekt-kuldjuur-ja-termokruus","status":"publish","type":"product","link":"https:\/\/pood-moe.dev.almic.ee\/en\/shop\/kingitused\/kinkekomplekt\/kinkekomplekt-kuldjuur-ja-termokruus\/","title":{"rendered":"Kinkekomplekt &#8211; Kuldjuur ja termokruus"},"content":{"rendered":"","protected":false},"excerpt":{"rendered":"<p>Maitsekas kinkekarbis:<br \/>\n\u2022 <span style=\"text-decoration: underline;\">50cl Kuldjuur 40%<\/span> v\u00f5i <span style=\"text-decoration: underline;\">20cl Kuldjuur 40%<\/span><br \/>\n\u2022 Termokruus, must, 280ml<br \/>\n\u2022 Mahetaimede tee (p\u00f5drakanep, kassinaeri \u00f5is, teekummeli \u00f5is), 25g<br \/>\n\u2022 Mesi (kreemjas), 300g<\/p>\n<p>Kinkekomplektide puhul pakume tarnev\u00f5imalustest vaid meie enda autojuhiga k\u00e4ttetoimetamist. V\u00f5imalik on ka ise j\u00e4rele tulla.<br \/>\n\u2013 Kohaletoimetamine (al 5 pakist): Tallinnas ja Tallinna l\u00e4hi\u00fcmbruses (Viimsi, Maardu, J\u00f5el\u00e4htme, Harku, Saue, Saku, Kiili ja Rae valdades),\u00a0 Tapal vallas ja selle l\u00e4hi\u00fcmbruses (Rakvere ja Kadrina vallad).<br \/>\n\u2013 Hulgitellimuste puhul (al 15 pakist) saame kauba teieni Harju, L\u00e4\u00e4ne-Virumaa ja P\u00e4rnu maakondades! Hulgitellimuste puhul pakume ka soodustusi ja v\u00f5imalust komplekteerida personaalne pakk. P\u00e4ringud palume saata\u00a0<a href=\"mailto:pood@moe.ee\">pood@moe.ee<\/a>.<\/p>\n<p>\u2013 Kui soovite ise j\u00e4rele tulla, siis meie kontorid asuvad: Tallinna Esinduskauplus TULEVIKU TEE 12, Tallinn-Tartu mnt. \u00e4\u00e4res, J\u00fcri aleviku alguses ja Moe Peenviinavabrikus (T\u00f6\u00f6stuse, Moe k\u00fcla, Tapa vald).<\/p>\n<p>Palun edastage oma soov seoses kinkepakkidega otse\u00a0<a href=\"https:\/\/pood.moe.ee\/kontakt\/\" target=\"_blank\" rel=\"noopener\">emaili, telefoni v\u00f5i kontakti vormi kaudu<\/a>.<\/p>\n","protected":false},"featured_media":5759,"template":"","meta":[],"product_cat":[43,428],"product_tag":[],"acf":[],"_links":{"self":[{"href":"https:\/\/pood-moe.dev.almic.ee\/en\/wp-json\/wp\/v2\/product\/4828"}],"collection":[{"href":"https:\/\/pood-moe.dev.almic.ee\/en\/wp-json\/wp\/v2\/product"}],"about":[{"href":"https:\/\/pood-moe.dev.almic.ee\/en\/wp-json\/wp\/v2\/types\/product"}],"wp:featuredmedia":[{"embeddable":true,"href":"https:\/\/pood-moe.dev.almic.ee\/en\/wp-json\/wp\/v2\/media\/5759"}],"wp:attachment":[{"href":"https:\/\/pood-moe.dev.almic.ee\/en\/wp-json\/wp\/v2\/media?parent=4828"}],"wp:term":[{"taxonomy":"product_cat","embeddable":true,"href":"https:\/\/pood-moe.dev.almic.ee\/en\/wp-json\/wp\/v2\/product_cat?post=4828"},{"taxonomy":"product_tag","embeddable":true,"href":"https:\/\/pood-moe.dev.almic.ee\/en\/wp-json\/wp\/v2\/product_tag?post=4828"}],"curies":[{"name":"wp","href":"https:\/\/api.w.org\/{rel}","templated":true}]}}