{"id":6184,"date":"2023-05-18T10:16:02","date_gmt":"2023-05-18T07:16:02","guid":{"rendered":"https:\/\/pood.moe.ee\/?post_type=product&#038;p=6184"},"modified":"2023-09-11T07:57:42","modified_gmt":"2023-09-11T04:57:42","slug":"balestri-valda-soave-classico-organic-2022","status":"publish","type":"product","link":"https:\/\/pood-moe.dev.almic.ee\/en\/shop\/vein\/varvus\/valge\/balestri-valda-soave-classico-organic-2022\/","title":{"rendered":"Balestri Valda Soave Classico Organic"},"content":{"rendered":"","protected":false},"excerpt":{"rendered":"<p><strong>Toode<\/strong>: Balestri Valda Soave Classico Organic<br \/>\n<strong>Piirkond<\/strong>: Soave DOC\/ Veneto\/ Itaalia<br \/>\n<strong>Millest tehtud<\/strong>: 100% Garganega viinamarja sordist<br \/>\n<strong>Tootest<\/strong>: Aromaatne ja kuiv valge vein, mille aroomis domineerivad valged lilled ja rikkalikult p\u00e4ikese k\u00fcpseid luuvilju. Kirkaid tsitruselisi n\u00fcansse tasakaalustavad v\u00e4rsked \u00f5unad ja k\u00fcpsete luuviljade magusus. Meeldivad mee ja meek\u00e4rje n\u00fcansid p\u00f5imimas terviklikuks ja elegantseks mineraalseks j\u00e4relmaitseks.<br \/>\n<strong>Toidusoovitused<\/strong>: Sobiv kaaslane kergete roogade k\u00f5rval , mis on valmistatud tomatite baasil, burrata ja cesari salat.<br \/>\n<strong>Tootja<\/strong>: Balestri Valda<br \/>\n<strong>M\u00f5ni tore fakt<\/strong>: Toote kunstip\u00e4rasel sildil domineerivad erinevad s\u00fcmbolid: kroon, mis s\u00fcmboliseerib Soave k\u00fcngaste kohal k\u00f5rguvat keskaegset kindlust ja selle ajalugu. Kesksel kohal domineerimas terroiri keskne element kustunud vulkaan, mille kraatrist purskamas v\u00e4lja viinamarjakobar. Sildi alumine osa s\u00fcmboliseerib Soave piirkonna viljakaid vulkaanilisi muldi, mis miljonite aastate tagune p\u00e4rand. Mullad on aastatepikkuse erosiooni tulemusel segunenud vanast merep\u00f5hjast p\u00e4rit lubjarikaste setetega.<\/p>\n","protected":false},"featured_media":6185,"template":"","meta":[],"product_cat":[148,118,55],"product_tag":[],"acf":[],"_links":{"self":[{"href":"https:\/\/pood-moe.dev.almic.ee\/en\/wp-json\/wp\/v2\/product\/6184"}],"collection":[{"href":"https:\/\/pood-moe.dev.almic.ee\/en\/wp-json\/wp\/v2\/product"}],"about":[{"href":"https:\/\/pood-moe.dev.almic.ee\/en\/wp-json\/wp\/v2\/types\/product"}],"wp:featuredmedia":[{"embeddable":true,"href":"https:\/\/pood-moe.dev.almic.ee\/en\/wp-json\/wp\/v2\/media\/6185"}],"wp:attachment":[{"href":"https:\/\/pood-moe.dev.almic.ee\/en\/wp-json\/wp\/v2\/media?parent=6184"}],"wp:term":[{"taxonomy":"product_cat","embeddable":true,"href":"https:\/\/pood-moe.dev.almic.ee\/en\/wp-json\/wp\/v2\/product_cat?post=6184"},{"taxonomy":"product_tag","embeddable":true,"href":"https:\/\/pood-moe.dev.almic.ee\/en\/wp-json\/wp\/v2\/product_tag?post=6184"}],"curies":[{"name":"wp","href":"https:\/\/api.w.org\/{rel}","templated":true}]}}