{"id":6189,"date":"2023-05-18T10:18:30","date_gmt":"2023-05-18T07:18:30","guid":{"rendered":"https:\/\/pood.moe.ee\/?post_type=product&#038;p=6189"},"modified":"2023-09-11T07:57:42","modified_gmt":"2023-09-11T04:57:42","slug":"balestri-valda-lunalonga-2020","status":"publish","type":"product","link":"https:\/\/pood-moe.dev.almic.ee\/en\/shop\/vein\/varvus\/valge\/balestri-valda-lunalonga-2020\/","title":{"rendered":"Balestri Valda Lunalonga"},"content":{"rendered":"","protected":false},"excerpt":{"rendered":"<p><strong>Toode<\/strong>: Balestri Valda \u201eLunalonga\u201c organic<br \/>\n<strong>Piirkond<\/strong>: Soave DOC\/ Veneto\/ Itaalia<br \/>\n<strong>Millest tehtud<\/strong>: 70% Garganega ja 30% Trebbiano di Soave viinamarjasortidest<br \/>\n<strong>Tootest<\/strong>: Harmooniline valge vein traditsionaalsest Soave piirkonnast. Rikkalik aroom pakkumas \u00e4ratundmise hetki luuviljade, rohelise \u00f5una ja leedri\u00f5ite n\u00e4ol. Maitselt leebe ja pehme, meeldiva mineraalsuse ja keskmise t\u00e4idlusega valge vein, mille viimistletud j\u00e4relmaitses avanemas mandli n\u00fcansid. Baasveine on viimistletud eraldi 1 aasta jooksul suures barrelis ja peale segamist 1 aasta v\u00e4ltel pudelis.<br \/>\n<strong>Toidusoovitused<\/strong>: Sobiv kaaslane: kergete kala roogade, mereandide, suupistete ja taimetoitude k\u00f5rval.<br \/>\n<strong>Tootja<\/strong>: Balestri Valda<br \/>\n<strong>M\u00f5ni tore fakt<\/strong>: Nimetus \u201e Lunalonga\u201c tuleneb s\u00f5nade kombinatsioonist \u201eLuna\u201c (kuu) ja \u201e longa\u201c (pikk Veneto dialektis). Sellise s\u00f5nam\u00e4nguga on tootja soovinud avaldada austust meie vanavanematelt p\u00e4rit maa harimis tarkusele, kus nii p\u00f5llu &#8211; kui ka keldri t\u00f6\u00f6de tegemisel j\u00e4lgiti kuufase.<\/p>\n","protected":false},"featured_media":6190,"template":"","meta":[],"product_cat":[148,118,55],"product_tag":[],"acf":[],"_links":{"self":[{"href":"https:\/\/pood-moe.dev.almic.ee\/en\/wp-json\/wp\/v2\/product\/6189"}],"collection":[{"href":"https:\/\/pood-moe.dev.almic.ee\/en\/wp-json\/wp\/v2\/product"}],"about":[{"href":"https:\/\/pood-moe.dev.almic.ee\/en\/wp-json\/wp\/v2\/types\/product"}],"wp:featuredmedia":[{"embeddable":true,"href":"https:\/\/pood-moe.dev.almic.ee\/en\/wp-json\/wp\/v2\/media\/6190"}],"wp:attachment":[{"href":"https:\/\/pood-moe.dev.almic.ee\/en\/wp-json\/wp\/v2\/media?parent=6189"}],"wp:term":[{"taxonomy":"product_cat","embeddable":true,"href":"https:\/\/pood-moe.dev.almic.ee\/en\/wp-json\/wp\/v2\/product_cat?post=6189"},{"taxonomy":"product_tag","embeddable":true,"href":"https:\/\/pood-moe.dev.almic.ee\/en\/wp-json\/wp\/v2\/product_tag?post=6189"}],"curies":[{"name":"wp","href":"https:\/\/api.w.org\/{rel}","templated":true}]}}