{"id":6192,"date":"2023-05-18T10:20:58","date_gmt":"2023-05-18T07:20:58","guid":{"rendered":"https:\/\/pood.moe.ee\/?post_type=product&#038;p=6192"},"modified":"2023-09-11T07:57:41","modified_gmt":"2023-09-11T04:57:41","slug":"balestri-valda-libertate-veronese-igt-2020","status":"publish","type":"product","link":"https:\/\/pood-moe.dev.almic.ee\/en\/shop\/vein\/varvus\/valge\/balestri-valda-libertate-veronese-igt-2020\/","title":{"rendered":"Balestri Valda Libertate Veronese IGT"},"content":{"rendered":"","protected":false},"excerpt":{"rendered":"<p><strong>Toode<\/strong>: Balestri Valda \u201eLibertate\u201c<br \/>\n<strong>Piirkond<\/strong>: Soave DOC\/ Veneto\/ Itaalia<br \/>\n<strong>Millest tehtud<\/strong>: 100% Trebbiano di Soave<br \/>\n<strong>Tootest<\/strong>: Kirkas kuldkollases r\u00fc\u00fcs salp\u00e4rane daam, kes ei h\u00e4bene oma t\u00e4idlust ja peidetud n\u00fcansirikkust, vaid presenteerib oma nooruslikku ja individuaaset stiili uhkusega.<br \/>\nNii aroomis kui maitses tuntavad viited meele, meek\u00e4rjele &#8211; kaunis stiil, mis \u00fchendamas veinimaja k\u00f5iki tooteid. M\u00e4rks\u00f5nadena v\u00f5ib veel v\u00e4lja tuua puuviljast v\u00e4rskust, lillelist aromaatsust ja m\u00f5nusat mineraalsust. Veini on viimistletud 300l terracottas 1 aasta jooksul.<br \/>\n<strong>Toidusoovitused<\/strong>: Sobiv kaaslane j\u00e4rgmiste roogade k\u00f5rval: itaaliap\u00e4rased vinnutatud lihad ja arenenud juustud &#8211; suupisted, koorikloomad ja pastad ja \u00f5rnad kalaroad. Veini v\u00f5ib aereerida.<br \/>\n<strong>Tootja<\/strong>: Balestri Valda<br \/>\n<strong>M\u00f5ni tore fakt<\/strong>: Austusavaldusena oma piirkonna visadusele, fantaasiale ja omaenda vabadus ihalusele on veinimeister Laura Rizotto ehtinud veinipudelid erinevat v\u00e4rvi etikettidega.<br \/>\nSoave piirkonna p\u00f5line viinamrjasort Trebbiano di Soave on geneetiliselt sama viinamarjasort kui Verdiccio Marches v\u00f5i Trebbiano di Lugana Garda j\u00e4rve \u00e4\u00e4rest.<\/p>\n","protected":false},"featured_media":6195,"template":"","meta":[],"product_cat":[148,118,55],"product_tag":[],"acf":[],"_links":{"self":[{"href":"https:\/\/pood-moe.dev.almic.ee\/en\/wp-json\/wp\/v2\/product\/6192"}],"collection":[{"href":"https:\/\/pood-moe.dev.almic.ee\/en\/wp-json\/wp\/v2\/product"}],"about":[{"href":"https:\/\/pood-moe.dev.almic.ee\/en\/wp-json\/wp\/v2\/types\/product"}],"wp:featuredmedia":[{"embeddable":true,"href":"https:\/\/pood-moe.dev.almic.ee\/en\/wp-json\/wp\/v2\/media\/6195"}],"wp:attachment":[{"href":"https:\/\/pood-moe.dev.almic.ee\/en\/wp-json\/wp\/v2\/media?parent=6192"}],"wp:term":[{"taxonomy":"product_cat","embeddable":true,"href":"https:\/\/pood-moe.dev.almic.ee\/en\/wp-json\/wp\/v2\/product_cat?post=6192"},{"taxonomy":"product_tag","embeddable":true,"href":"https:\/\/pood-moe.dev.almic.ee\/en\/wp-json\/wp\/v2\/product_tag?post=6192"}],"curies":[{"name":"wp","href":"https:\/\/api.w.org\/{rel}","templated":true}]}}