{"id":6199,"date":"2023-05-18T10:23:06","date_gmt":"2023-05-18T07:23:06","guid":{"rendered":"https:\/\/pood.moe.ee\/?post_type=product&#038;p=6199"},"modified":"2023-09-11T07:57:41","modified_gmt":"2023-09-11T04:57:41","slug":"piandimare-monolith-riserva-2019","status":"publish","type":"product","link":"https:\/\/pood-moe.dev.almic.ee\/en\/shop\/vein\/varvus\/punane\/piandimare-monolith-riserva-2019\/","title":{"rendered":"Piandimare Monolith Riserva"},"content":{"rendered":"","protected":false},"excerpt":{"rendered":"<p>Toode: Piandimare \u201eMonolith\u201e Riserva Montepulciano d\u2019Abruzzo DOC<br \/>\nPiirkond: Villamagna\/ Abruzzo \/ Itaalia<br \/>\nMillest tehtud: Montepulciano viinamarjasort<br \/>\nTootest: \u201eMonolith\u201c on vein, kus Montepulciano viinamarjasort on saanud tammevaadi viimistluse. S\u00fcgava rubiinpunase v\u00e4rvusega vein. Aroomis intensiivistumas lopsakas must kirss, mustad marjad, lagrits ja vanilje. N\u00fcansirikas vein, kus olulist rolli m\u00e4ngivad v\u00e4rskete kirsside s\u00e4rtsakus ja lopsakas kuid elegantselt viimistletud marjane karakter mis \u00fcheskoos tihke tanniini struktuuriga annavad veinile keskmisest veidi t\u00e4idlasema kehandi. Pikalt kestvas j\u00e4relmaitses lisanduvad tervikusse viited tubakale ja kohvile.<br \/>\nVeini viimistlus: Pikk kestakontakt ja fermentatsioon. Viimistlus roostevabast terasest tankides 12 kuu v\u00e4ltel, seej\u00e4rel barriques(tammevaat) 12 kuud ja seej\u00e4rel pudelis umbes 6 kuud.<br \/>\nToidusoovitus: Meeldiv kaaslane suupistete k\u00f5rval, mis on valmistud vinnutaud lihast, punane loomaliha arenenud juustud. Toidud , kus on kasutatud tr\u00fchvleid ja seeni nt. seenepasta.<br \/>\nTootja: Cantina Produttori Riuniti Pian di Mare<br \/>\nM\u00f5ni tore fakt: \u201eMonolith\u201c sildi graafika on justkui m\u00e4lestusm\u00e4rk iidsetele tsivilisatsioonidele, kes on elanud Abruzzo territooriumil. Hellitavalt \u00f6eldes on sildil kujutatud Abruzzo piirkonna v\u00e4ikest Stonehenge Necropolis Fossat.<br \/>\nAuhinnad: Vein on hinnatud k\u00f5rgeskooriliselt 2022 aastal Decanter Magazine, Luca Maroni ja Mundus Vini poolt.<\/p>\n","protected":false},"featured_media":6200,"template":"","meta":[],"product_cat":[148,116,55],"product_tag":[],"acf":[],"_links":{"self":[{"href":"https:\/\/pood-moe.dev.almic.ee\/en\/wp-json\/wp\/v2\/product\/6199"}],"collection":[{"href":"https:\/\/pood-moe.dev.almic.ee\/en\/wp-json\/wp\/v2\/product"}],"about":[{"href":"https:\/\/pood-moe.dev.almic.ee\/en\/wp-json\/wp\/v2\/types\/product"}],"wp:featuredmedia":[{"embeddable":true,"href":"https:\/\/pood-moe.dev.almic.ee\/en\/wp-json\/wp\/v2\/media\/6200"}],"wp:attachment":[{"href":"https:\/\/pood-moe.dev.almic.ee\/en\/wp-json\/wp\/v2\/media?parent=6199"}],"wp:term":[{"taxonomy":"product_cat","embeddable":true,"href":"https:\/\/pood-moe.dev.almic.ee\/en\/wp-json\/wp\/v2\/product_cat?post=6199"},{"taxonomy":"product_tag","embeddable":true,"href":"https:\/\/pood-moe.dev.almic.ee\/en\/wp-json\/wp\/v2\/product_tag?post=6199"}],"curies":[{"name":"wp","href":"https:\/\/api.w.org\/{rel}","templated":true}]}}