{"id":6204,"date":"2023-05-18T10:26:01","date_gmt":"2023-05-18T07:26:01","guid":{"rendered":"https:\/\/pood.moe.ee\/?post_type=product&#038;p=6204"},"modified":"2023-09-11T07:57:40","modified_gmt":"2023-09-11T04:57:40","slug":"piandimare-maja-2017","status":"publish","type":"product","link":"https:\/\/pood-moe.dev.almic.ee\/en\/shop\/vein\/varvus\/punane\/piandimare-maja-2017\/","title":{"rendered":"Piandimare Maja"},"content":{"rendered":"","protected":false},"excerpt":{"rendered":"<p>Toode: Piandimare \u201eMAJA\u201c Riserva Montepulciano d\u2019Abruzzo DOC<br \/>\nPiirkond: Villamagna\/ Abuzzo \/ Itaalia<br \/>\nMillest tehtud: Montepulciano viinamarjasort<br \/>\nTootest: Intensiivse ja peaaegu l\u00e4bipaistmatu musta v\u00e4rvigammaga punane kuiv vein. Rikkalikus maitses tungivad esile tumedad luuviljad, mustad s\u00f5strad ja mustikad. Keskmise kehandiga veini elegantses viimistluses p\u00f5imuvad tervikuks ka tamme, tubaka, vanilje ja lagritsa n\u00fcansid.<br \/>\nViimistlus: Viinamarjad korjatakse Oktoobri viimastel n\u00e4dalatel. K\u00e4\u00e4ritamine koos pika matseratsiooniga. Peale seda puhkamine peenel p\u00e4rmisettel 9 kuu v\u00e4ltel terasmahutites. Seej\u00e4rel 30 kuud uues prantsuse Barriques (225 l tammevaat) ja v\u00e4hemalt 6 kuud pudelis. Vein on pika arengupotensiaaliga , valmimis aastast 2017 lugedes 10 aastat.<br \/>\nToidusoovitus: J\u00f5udes oma k\u00fcpsuses tippu, v\u00f5ib \u201eMAJA\u201c veini vaadelda kindlasti mui mediteerimisveini, mis on iseseisvalt nauditav. T\u00e4na v\u00f5iks teda siiski serveerida grillitud lihade k\u00f5rval- lammas ja rib eye. K\u00fcpsemas arenguastmes juustud.<br \/>\nTootja: Cantina Produttori Riuniti Pian di Mare<br \/>\nM\u00f5ni tore fakt: \u201eMaja\u201c nimeline vein on p\u00fchendatud Majella m\u00e4emassiivile. See on m\u00e4gi, mis loob piirkonnale erakordse kliima, msi omakorda loob erakordsed viinamrjad. M\u00e4e profiil meenutab oma kujult kaunist selili lamavat naist, kelle ilu on v\u00f5imalik imetleda p\u00e4ikeseloojangul. Eksklusiivne ja pika arengupotensiaaliga vein , mis on toodetud kooperatiivi parimatest aedadest p\u00e4rit marjadest. Viimistletud pikalt Prantsuse tammevaatides.<br \/>\nAuhinnad: Vein on hinnatud k\u00f5rgeskooriliselt 2022 aastal Decanter Magazine, Luca Maroni ja Mundus Vini poolt.<\/p>\n","protected":false},"featured_media":6205,"template":"","meta":[],"product_cat":[148,116,55],"product_tag":[],"acf":[],"_links":{"self":[{"href":"https:\/\/pood-moe.dev.almic.ee\/en\/wp-json\/wp\/v2\/product\/6204"}],"collection":[{"href":"https:\/\/pood-moe.dev.almic.ee\/en\/wp-json\/wp\/v2\/product"}],"about":[{"href":"https:\/\/pood-moe.dev.almic.ee\/en\/wp-json\/wp\/v2\/types\/product"}],"wp:featuredmedia":[{"embeddable":true,"href":"https:\/\/pood-moe.dev.almic.ee\/en\/wp-json\/wp\/v2\/media\/6205"}],"wp:attachment":[{"href":"https:\/\/pood-moe.dev.almic.ee\/en\/wp-json\/wp\/v2\/media?parent=6204"}],"wp:term":[{"taxonomy":"product_cat","embeddable":true,"href":"https:\/\/pood-moe.dev.almic.ee\/en\/wp-json\/wp\/v2\/product_cat?post=6204"},{"taxonomy":"product_tag","embeddable":true,"href":"https:\/\/pood-moe.dev.almic.ee\/en\/wp-json\/wp\/v2\/product_tag?post=6204"}],"curies":[{"name":"wp","href":"https:\/\/api.w.org\/{rel}","templated":true}]}}