{"id":6209,"date":"2023-05-18T10:27:45","date_gmt":"2023-05-18T07:27:45","guid":{"rendered":"https:\/\/pood.moe.ee\/?post_type=product&#038;p=6209"},"modified":"2023-09-11T07:57:40","modified_gmt":"2023-09-11T04:57:40","slug":"oltre-mare-pecorino-colline-teatine-igt-2022","status":"publish","type":"product","link":"https:\/\/pood-moe.dev.almic.ee\/en\/shop\/vein\/varvus\/valge\/oltre-mare-pecorino-colline-teatine-igt-2022\/","title":{"rendered":"Oltre Mare Pecorino Colline Teatine IGT"},"content":{"rendered":"","protected":false},"excerpt":{"rendered":"<p>Toode: Oltre Mare Pecorino, Colline Teatine IGT<br \/>\nPiirkond: Chieti \/ Abruzzo \/ Itaalia<br \/>\nMillest tehtud: Pecorino viinamarjasordist<br \/>\nTootest: Intensiivse \u00f5lgkollase v\u00e4rvusega v\u00e4rske valge vein. Elegantse viimistluse ja meeldivalt s\u00e4rtsaka olemisega puuviljane \/ troopiline iseloom annab omap\u00e4rase kuiva veini, millel on keskmine t\u00e4idlus.<br \/>\nToidusoovitus: Suurep\u00e4rane seltskonna vein, meeldiv erinevate suupistete ja kergemate kalaroogadega. V\u00e4rsked, kerged pastad.<br \/>\nTootja: Cantina Produttori Riuniti Pian di Mare<br \/>\nM\u00f5ni tore fakt: Nimetuse \u201eOltremare\u201c taga on meenutus Aadria mere ilust. Sildil leiduvad graafilised elemendid \u00fchendavad viinpuude sidumise traditsioonid ja tehnika Abruzzos ning t\u00e4nap\u00e4evase s\u00fcmboli # . Minimalistlik ja modernne viinapuu siluett sildil laulab oodi elule, samas kui tilluke kuu tuletab meile meelde, et eluring on ts\u00fckliline. Vein on valmistatud silmas pidades orgaanilise viinamarjakasvatuse p\u00f5him\u00f5tteid.<\/p>\n","protected":false},"featured_media":6210,"template":"","meta":[],"product_cat":[148,118,55],"product_tag":[],"acf":[],"_links":{"self":[{"href":"https:\/\/pood-moe.dev.almic.ee\/en\/wp-json\/wp\/v2\/product\/6209"}],"collection":[{"href":"https:\/\/pood-moe.dev.almic.ee\/en\/wp-json\/wp\/v2\/product"}],"about":[{"href":"https:\/\/pood-moe.dev.almic.ee\/en\/wp-json\/wp\/v2\/types\/product"}],"wp:featuredmedia":[{"embeddable":true,"href":"https:\/\/pood-moe.dev.almic.ee\/en\/wp-json\/wp\/v2\/media\/6210"}],"wp:attachment":[{"href":"https:\/\/pood-moe.dev.almic.ee\/en\/wp-json\/wp\/v2\/media?parent=6209"}],"wp:term":[{"taxonomy":"product_cat","embeddable":true,"href":"https:\/\/pood-moe.dev.almic.ee\/en\/wp-json\/wp\/v2\/product_cat?post=6209"},{"taxonomy":"product_tag","embeddable":true,"href":"https:\/\/pood-moe.dev.almic.ee\/en\/wp-json\/wp\/v2\/product_tag?post=6209"}],"curies":[{"name":"wp","href":"https:\/\/api.w.org\/{rel}","templated":true}]}}